{"id":10054,"date":"2019-09-19T21:01:16","date_gmt":"2019-09-20T01:01:16","guid":{"rendered":"https:\/\/isfq.ca\/?post_type=product&#038;p=10054"},"modified":"2024-07-24T15:57:31","modified_gmt":"2024-07-24T19:57:31","slug":"soiree-benefice-2024","status":"publish","type":"product","link":"https:\/\/isfq.ca\/en\/product\/soiree-benefice-2024\/","title":{"rendered":"Soir\u00e9e B\u00e9n\u00e9fice 30 ans 2024"},"content":{"rendered":"","protected":false},"excerpt":{"rendered":"","protected":false},"featured_media":0,"template":"","meta":[],"product_brand":[],"product_cat":[114],"product_tag":[],"class_list":{"0":"post-10054","1":"product","2":"type-product","3":"status-publish","5":"product_cat-soiree-benefice","7":"first","8":"instock","9":"shipping-taxable","10":"purchasable","11":"product-type-variable","12":"has-default-attributes"},"yoast_head":"<!-- This site is optimized with the Yoast SEO plugin v27.4 - https:\/\/yoast.com\/product\/yoast-seo-wordpress\/ -->\n<title>Soir\u00e9e B\u00e9n\u00e9fice 30 ans 2024 - Ing\u00e9nieurs Sans Fronti\u00e8res Qu\u00e9bec<\/title>\n<meta name=\"robots\" content=\"index, follow, max-snippet:-1, max-image-preview:large, max-video-preview:-1\" \/>\n<link rel=\"canonical\" href=\"https:\/\/isfq.ca\/en\/product\/soiree-benefice-2024\/\" \/>\n<meta property=\"og:locale\" content=\"en_US\" \/>\n<meta property=\"og:type\" content=\"article\" \/>\n<meta property=\"og:title\" content=\"Soir\u00e9e B\u00e9n\u00e9fice 30 ans 2024 - Ing\u00e9nieurs Sans Fronti\u00e8res Qu\u00e9bec\" \/>\n<meta property=\"og:url\" content=\"https:\/\/isfq.ca\/en\/product\/soiree-benefice-2024\/\" \/>\n<meta property=\"og:site_name\" content=\"Ing\u00e9nieurs Sans Fronti\u00e8res Qu\u00e9bec\" \/>\n<meta property=\"article:publisher\" content=\"https:\/\/www.facebook.com\/ingenieurssansfrontieresquebec\" \/>\n<meta property=\"article:modified_time\" content=\"2024-07-24T19:57:31+00:00\" \/>\n<meta name=\"twitter:card\" content=\"summary_large_image\" \/>\n<script type=\"application\/ld+json\" class=\"yoast-schema-graph\">{\"@context\":\"https:\\\/\\\/schema.org\",\"@graph\":[{\"@type\":\"WebPage\",\"@id\":\"https:\\\/\\\/isfq.ca\\\/product\\\/soiree-benefice-2024\\\/\",\"url\":\"https:\\\/\\\/isfq.ca\\\/product\\\/soiree-benefice-2024\\\/\",\"name\":\"Soir\u00e9e B\u00e9n\u00e9fice 30 ans 2024 - Ing\u00e9nieurs Sans Fronti\u00e8res Qu\u00e9bec\",\"isPartOf\":{\"@id\":\"https:\\\/\\\/isfq.ca\\\/#website\"},\"datePublished\":\"2019-09-20T01:01:16+00:00\",\"dateModified\":\"2024-07-24T19:57:31+00:00\",\"breadcrumb\":{\"@id\":\"https:\\\/\\\/isfq.ca\\\/product\\\/soiree-benefice-2024\\\/#breadcrumb\"},\"inLanguage\":\"en-CA\",\"potentialAction\":[{\"@type\":\"ReadAction\",\"target\":[\"https:\\\/\\\/isfq.ca\\\/product\\\/soiree-benefice-2024\\\/\"]}]},{\"@type\":\"BreadcrumbList\",\"@id\":\"https:\\\/\\\/isfq.ca\\\/product\\\/soiree-benefice-2024\\\/#breadcrumb\",\"itemListElement\":[{\"@type\":\"ListItem\",\"position\":1,\"name\":\"Accueil\",\"item\":\"https:\\\/\\\/isfq.ca\\\/\"},{\"@type\":\"ListItem\",\"position\":2,\"name\":\"Produits\",\"item\":\"https:\\\/\\\/isfq.ca\\\/boutique\\\/\"},{\"@type\":\"ListItem\",\"position\":3,\"name\":\"Soir\u00e9e B\u00e9n\u00e9fice 30 ans 2024\"}]},{\"@type\":\"WebSite\",\"@id\":\"https:\\\/\\\/isfq.ca\\\/#website\",\"url\":\"https:\\\/\\\/isfq.ca\\\/\",\"name\":\"Ing\u00e9nieurs Sans Fronti\u00e8res Qu\u00e9bec\",\"description\":\"Le g\u00e9nie solidaire !\",\"publisher\":{\"@id\":\"https:\\\/\\\/isfq.ca\\\/#organization\"},\"potentialAction\":[{\"@type\":\"SearchAction\",\"target\":{\"@type\":\"EntryPoint\",\"urlTemplate\":\"https:\\\/\\\/isfq.ca\\\/?s={search_term_string}\"},\"query-input\":{\"@type\":\"PropertyValueSpecification\",\"valueRequired\":true,\"valueName\":\"search_term_string\"}}],\"inLanguage\":\"en-CA\"},{\"@type\":\"Organization\",\"@id\":\"https:\\\/\\\/isfq.ca\\\/#organization\",\"name\":\"ING\u00c9NIEURS SANS FRONTI\u00c8RES QU\u00c9BEC\",\"url\":\"https:\\\/\\\/isfq.ca\\\/\",\"logo\":{\"@type\":\"ImageObject\",\"inLanguage\":\"en-CA\",\"@id\":\"https:\\\/\\\/isfq.ca\\\/#\\\/schema\\\/logo\\\/image\\\/\",\"url\":\"https:\\\/\\\/isfq.ca\\\/wp-content\\\/uploads\\\/2022\\\/08\\\/logo-ingenieurs-sans-frontieres-quebec.png\",\"contentUrl\":\"https:\\\/\\\/isfq.ca\\\/wp-content\\\/uploads\\\/2022\\\/08\\\/logo-ingenieurs-sans-frontieres-quebec.png\",\"width\":2001,\"height\":926,\"caption\":\"ING\u00c9NIEURS SANS FRONTI\u00c8RES QU\u00c9BEC\"},\"image\":{\"@id\":\"https:\\\/\\\/isfq.ca\\\/#\\\/schema\\\/logo\\\/image\\\/\"},\"sameAs\":[\"https:\\\/\\\/www.facebook.com\\\/ingenieurssansfrontieresquebec\",\"https:\\\/\\\/www.youtube.com\\\/channel\\\/UCtrHiGJb-LcBZuevCaW8iEg?view_as=subscriber\",\"https:\\\/\\\/www.linkedin.com\\\/company\\\/ing-nieurs-sans-fronti-res-qu-bec-isfq-\\\/\"]}]}<\/script>\n<!-- \/ Yoast SEO plugin. -->","yoast_head_json":{"title":"Soir\u00e9e B\u00e9n\u00e9fice 30 ans 2024 - Ing\u00e9nieurs Sans Fronti\u00e8res Qu\u00e9bec","robots":{"index":"index","follow":"follow","max-snippet":"max-snippet:-1","max-image-preview":"max-image-preview:large","max-video-preview":"max-video-preview:-1"},"canonical":"https:\/\/isfq.ca\/en\/product\/soiree-benefice-2024\/","og_locale":"en_US","og_type":"article","og_title":"Soir\u00e9e B\u00e9n\u00e9fice 30 ans 2024 - Ing\u00e9nieurs Sans Fronti\u00e8res Qu\u00e9bec","og_url":"https:\/\/isfq.ca\/en\/product\/soiree-benefice-2024\/","og_site_name":"Ing\u00e9nieurs Sans Fronti\u00e8res Qu\u00e9bec","article_publisher":"https:\/\/www.facebook.com\/ingenieurssansfrontieresquebec","article_modified_time":"2024-07-24T19:57:31+00:00","twitter_card":"summary_large_image","schema":{"@context":"https:\/\/schema.org","@graph":[{"@type":"WebPage","@id":"https:\/\/isfq.ca\/product\/soiree-benefice-2024\/","url":"https:\/\/isfq.ca\/product\/soiree-benefice-2024\/","name":"Soir\u00e9e B\u00e9n\u00e9fice 30 ans 2024 - Ing\u00e9nieurs Sans Fronti\u00e8res Qu\u00e9bec","isPartOf":{"@id":"https:\/\/isfq.ca\/#website"},"datePublished":"2019-09-20T01:01:16+00:00","dateModified":"2024-07-24T19:57:31+00:00","breadcrumb":{"@id":"https:\/\/isfq.ca\/product\/soiree-benefice-2024\/#breadcrumb"},"inLanguage":"en-CA","potentialAction":[{"@type":"ReadAction","target":["https:\/\/isfq.ca\/product\/soiree-benefice-2024\/"]}]},{"@type":"BreadcrumbList","@id":"https:\/\/isfq.ca\/product\/soiree-benefice-2024\/#breadcrumb","itemListElement":[{"@type":"ListItem","position":1,"name":"Accueil","item":"https:\/\/isfq.ca\/"},{"@type":"ListItem","position":2,"name":"Produits","item":"https:\/\/isfq.ca\/boutique\/"},{"@type":"ListItem","position":3,"name":"Soir\u00e9e B\u00e9n\u00e9fice 30 ans 2024"}]},{"@type":"WebSite","@id":"https:\/\/isfq.ca\/#website","url":"https:\/\/isfq.ca\/","name":"Ing\u00e9nieurs Sans Fronti\u00e8res Qu\u00e9bec","description":"Le g\u00e9nie solidaire !","publisher":{"@id":"https:\/\/isfq.ca\/#organization"},"potentialAction":[{"@type":"SearchAction","target":{"@type":"EntryPoint","urlTemplate":"https:\/\/isfq.ca\/?s={search_term_string}"},"query-input":{"@type":"PropertyValueSpecification","valueRequired":true,"valueName":"search_term_string"}}],"inLanguage":"en-CA"},{"@type":"Organization","@id":"https:\/\/isfq.ca\/#organization","name":"ING\u00c9NIEURS SANS FRONTI\u00c8RES QU\u00c9BEC","url":"https:\/\/isfq.ca\/","logo":{"@type":"ImageObject","inLanguage":"en-CA","@id":"https:\/\/isfq.ca\/#\/schema\/logo\/image\/","url":"https:\/\/isfq.ca\/wp-content\/uploads\/2022\/08\/logo-ingenieurs-sans-frontieres-quebec.png","contentUrl":"https:\/\/isfq.ca\/wp-content\/uploads\/2022\/08\/logo-ingenieurs-sans-frontieres-quebec.png","width":2001,"height":926,"caption":"ING\u00c9NIEURS SANS FRONTI\u00c8RES QU\u00c9BEC"},"image":{"@id":"https:\/\/isfq.ca\/#\/schema\/logo\/image\/"},"sameAs":["https:\/\/www.facebook.com\/ingenieurssansfrontieresquebec","https:\/\/www.youtube.com\/channel\/UCtrHiGJb-LcBZuevCaW8iEg?view_as=subscriber","https:\/\/www.linkedin.com\/company\/ing-nieurs-sans-fronti-res-qu-bec-isfq-\/"]}]}},"_links":{"self":[{"href":"https:\/\/isfq.ca\/en\/wp-json\/wp\/v2\/product\/10054","targetHints":{"allow":["GET"]}}],"collection":[{"href":"https:\/\/isfq.ca\/en\/wp-json\/wp\/v2\/product"}],"about":[{"href":"https:\/\/isfq.ca\/en\/wp-json\/wp\/v2\/types\/product"}],"wp:attachment":[{"href":"https:\/\/isfq.ca\/en\/wp-json\/wp\/v2\/media?parent=10054"}],"wp:term":[{"taxonomy":"product_brand","embeddable":true,"href":"https:\/\/isfq.ca\/en\/wp-json\/wp\/v2\/product_brand?post=10054"},{"taxonomy":"product_cat","embeddable":true,"href":"https:\/\/isfq.ca\/en\/wp-json\/wp\/v2\/product_cat?post=10054"},{"taxonomy":"product_tag","embeddable":true,"href":"https:\/\/isfq.ca\/en\/wp-json\/wp\/v2\/product_tag?post=10054"}],"curies":[{"name":"wp","href":"https:\/\/api.w.org\/{rel}","templated":true}]}}