{"id":7019,"date":"2016-10-29T00:38:38","date_gmt":"2016-10-28T22:38:38","guid":{"rendered":"https:\/\/isfq.ca\/?page_id=7019"},"modified":"2024-10-30T14:56:19","modified_gmt":"2024-10-30T18:56:19","slug":"donner","status":"publish","type":"page","link":"https:\/\/isfq.ca\/en\/donner\/","title":{"rendered":"Donation"},"content":{"rendered":"<div id=\"fws_69d7f467e22ba\"  data-midnight=\"dark\" data-bg-mobile-hidden=\"\" class=\"wpb_row vc_row-fluid vc_row full-width-section standard_section\"  style=\"padding-top: 0px; padding-bottom: 0px; \"><div class=\"row-bg-wrap\"> <div class=\"row-bg  using-bg-color\"  style=\"background-color: #ffffff; \" data-color_overlay=\"\" data-color_overlay_2=\"\" data-gradient_direction=\"\" data-overlay_strength=\"0.3\" data-enable_gradient=\"false\"><\/div> <\/div><div class=\"col span_12 dark left\">\n\t<div  class=\"vc_col-sm-12 wpb_column column_container vc_column_container col no-extra-padding\"  data-bg-cover=\"\" data-padding-pos=\"all\" data-has-bg-color=\"false\" data-bg-color=\"\" data-bg-opacity=\"1\" data-hover-bg=\"\" data-hover-bg-opacity=\"1\" data-animation=\"\" data-delay=\"0\">\n\t\t<div class=\"vc_column-inner\">\n\t\t\t<div class=\"wpb_wrapper\">\n\t\t\t\t\n\t<div id=\"fws_69d7f467e2561\" data-midnight=\"\" data-bg-mobile-hidden=\"\" class=\"wpb_row vc_row-fluid vc_row standard_section\"  style=\"padding-top: 0px; padding-bottom: 0px; \"><div class=\"row-bg-wrap\"> <div class=\"row-bg\"  style=\"\"><\/div> <\/div><div class=\"col span_12  left\">\n\t<div  class=\"vc_col-sm-12 wpb_column column_container vc_column_container col no-extra-padding\"  data-bg-cover=\"\" data-padding-pos=\"all\" data-has-bg-color=\"false\" data-bg-color=\"\" data-bg-opacity=\"1\" data-hover-bg=\"\" data-hover-bg-opacity=\"1\" data-animation=\"\" data-delay=\"0\">\n\t\t<div class=\"vc_column-inner\">\n\t\t<div class=\"wpb_wrapper\">\n\t\t\t\n\t\t<\/div> \n\t<\/div>\n\t<\/div> \n<\/div><\/div>\n\t\t\t<\/div> \n\t\t<\/div>\n\t<\/div> \n<\/div><\/div>\n\t<div id=\"fws_69d7f467e26a5\"  data-midnight=\"dark\" data-bg-mobile-hidden=\"\" class=\"wpb_row vc_row-fluid vc_row full-width-section standard_section\"  style=\"padding-top: 0px; padding-bottom: 0px; \"><div class=\"row-bg-wrap\"> <div class=\"row-bg  using-bg-color\"  style=\"background-color: #ffffff; \" data-color_overlay=\"\" data-color_overlay_2=\"\" data-gradient_direction=\"\" data-overlay_strength=\"0.3\" data-enable_gradient=\"false\"><\/div> <\/div><div class=\"col span_12 dark left\">\n\t<div  class=\"vc_col-sm-12 wpb_column column_container vc_column_container col no-extra-padding\"  data-bg-cover=\"\" data-padding-pos=\"all\" data-has-bg-color=\"false\" data-bg-color=\"\" data-bg-opacity=\"1\" data-hover-bg=\"\" data-hover-bg-opacity=\"1\" data-animation=\"\" data-delay=\"0\">\n\t\t<div class=\"vc_column-inner\">\n\t\t\t<div class=\"wpb_wrapper\">\n\t\t\t\t\n\t\t\t<\/div> \n\t\t<\/div>\n\t<\/div> \n<\/div><\/div>\n\t<div id=\"fws_69d7f467e27a7\"  data-midnight=\"dark\" data-bg-mobile-hidden=\"\" class=\"wpb_row vc_row-fluid vc_row full-width-section standard_section\"  style=\"padding-top: 40px; padding-bottom: 40px; \"><div class=\"row-bg-wrap\"> <div class=\"row-bg  using-bg-color\"  style=\"background-color: #ffffff; \" data-color_overlay=\"\" data-color_overlay_2=\"\" data-gradient_direction=\"\" data-overlay_strength=\"0.3\" data-enable_gradient=\"false\"><\/div> <\/div><div class=\"col span_12 dark left\">\n\t<div  class=\"vc_col-sm-6 wpb_column column_container vc_column_container col no-extra-padding\"  data-bg-cover=\"\" data-padding-pos=\"all\" data-has-bg-color=\"false\" data-bg-color=\"\" data-bg-opacity=\"1\" data-hover-bg=\"\" data-hover-bg-opacity=\"1\" data-animation=\"\" data-delay=\"0\">\n\t\t<div class=\"vc_column-inner\">\n\t\t\t<div class=\"wpb_wrapper\">\n\t\t\t\t<div class=\"img-with-aniamtion-wrap center\" data-max-width=\"100%\"><div class=\"inner\"><img decoding=\"async\" data-shadow=\"none\" data-shadow-direction=\"middle\" class=\"img-with-animation picture-team\" data-delay=\"0\" height=\"100%\" width=\"100%\" data-animation=\"fade-in\" src=\"https:\/\/isfq.ca\/wp-content\/uploads\/2024\/10\/Jean-Francois-Gysel.jpg\" alt=\"\" \/><\/div><\/div>\n\t<div class=\"wpb_text_column wpb_content_element\" >\n\t\t<div class=\"wpb_wrapper\">\n\t\t\t<p>\u00ab Je vous encourage \u00e0 faire toute la diff\u00e9rence en vous rappelant que chaque\u00a0contribution compte. En tant\u00a0qu\u2019organisme sans but lucratif, ISFQ d\u00e9pend enti\u00e8rement de l\u2019appui de ceux qui\u00a0partagent leur vision. Votre g\u00e9n\u00e9rosit\u00e9 permettra \u00e0 ses membres de continuer \u00e0\u00a0remplir leur mission au cours des ann\u00e9es \u00e0 venir, en\u00a0favorisant\u00a0le d\u00e9veloppement social et \u00e9conomique dans les r\u00e9gions les plus d\u00e9munies du monde.\u00bb<\/p>\n<h3>Jean-Fran\u00e7ois Gysel, ing., Ph.D.<\/h3>\n<p><strong>Pr\u00e9sident de Conseil d&rsquo;Administration<\/strong><\/p>\n\n\t\t<\/div>\n\t<\/div>\n\n\t\t\t<\/div> \n\t\t<\/div>\n\t<\/div> \n\n\t<div  class=\"vc_col-sm-6 wpb_column column_container vc_column_container col no-extra-padding\"  data-bg-cover=\"\" data-padding-pos=\"all\" data-has-bg-color=\"false\" data-bg-color=\"\" data-bg-opacity=\"1\" data-hover-bg=\"\" data-hover-bg-opacity=\"1\" data-animation=\"\" data-delay=\"0\">\n\t\t<div class=\"vc_column-inner\">\n\t\t\t<div class=\"wpb_wrapper\">\n\t\t\t\t\n\t<div class=\"wpb_raw_code wpb_raw_js\">\n\t\t<div class=\"wpb_wrapper\">\n\t\t\t<script id=\"ch_cdn_embed\" type=\"text\/javascript\" src=\"https:\/\/www.canadahelps.org\/secure\/js\/cdf_embed.2.js\" charSet=\"utf-8\" data-language=\"fr\" data-page-id=\"100421\" data-root-url=\"https:\/\/www.canadahelps.org\" data-formtype=\"0\" data-cfasync=\"false\"><\/script>\n\t\t<\/div>\n\t<\/div>\n\n\t\t\t<\/div> \n\t\t<\/div>\n\t<\/div> \n<\/div><\/div>","protected":false},"excerpt":{"rendered":"\u00ab Je vous encourage \u00e0 faire toute la diff\u00e9rence en vous rappelant que chaque\u00a0contribution compte. En tant\u00a0qu\u2019organisme sans but lucratif, ISFQ d\u00e9pend enti\u00e8rement de l\u2019appui de ceux qui\u00a0partagent leur vision....","protected":false},"author":1,"featured_media":0,"parent":0,"menu_order":0,"comment_status":"closed","ping_status":"closed","template":"","meta":{"footnotes":""},"class_list":["post-7019","page","type-page","status-publish","hentry"],"yoast_head":"<!-- This site is optimized with the Yoast SEO plugin v27.3 - https:\/\/yoast.com\/product\/yoast-seo-wordpress\/ -->\n<title>Donner - Ing\u00e9nieurs Sans Fronti\u00e8res Qu\u00e9bec<\/title>\n<meta name=\"description\" content=\"ISFQ d\u00e9pend enti\u00e8rement de l\u2019appui de ceux qui\u00a0partagent leur vision. Votre g\u00e9n\u00e9rosit\u00e9 permettra \u00e0 ses membres de continuer \u00e0\u00a0remplir leur mission au cours des ann\u00e9es \u00e0 venir, en\u00a0favorisant\u00a0le d\u00e9veloppement social et \u00e9conomique dans les r\u00e9gions les plus d\u00e9munies du monde.\u00bb\" \/>\n<meta name=\"robots\" content=\"index, follow, max-snippet:-1, max-image-preview:large, max-video-preview:-1\" \/>\n<link rel=\"canonical\" href=\"https:\/\/isfq.ca\/en\/donner\/\" \/>\n<meta property=\"og:locale\" content=\"en_US\" \/>\n<meta property=\"og:type\" content=\"article\" \/>\n<meta property=\"og:title\" content=\"Donner - Ing\u00e9nieurs Sans Fronti\u00e8res Qu\u00e9bec\" \/>\n<meta property=\"og:description\" content=\"ISFQ d\u00e9pend enti\u00e8rement de l\u2019appui de ceux qui\u00a0partagent leur vision. Votre g\u00e9n\u00e9rosit\u00e9 permettra \u00e0 ses membres de continuer \u00e0\u00a0remplir leur mission au cours des ann\u00e9es \u00e0 venir, en\u00a0favorisant\u00a0le d\u00e9veloppement social et \u00e9conomique dans les r\u00e9gions les plus d\u00e9munies du monde.\u00bb\" \/>\n<meta property=\"og:url\" content=\"https:\/\/isfq.ca\/en\/donner\/\" \/>\n<meta property=\"og:site_name\" content=\"Ing\u00e9nieurs Sans Fronti\u00e8res Qu\u00e9bec\" \/>\n<meta property=\"article:publisher\" content=\"https:\/\/www.facebook.com\/ingenieurssansfrontieresquebec\" \/>\n<meta property=\"article:modified_time\" content=\"2024-10-30T18:56:19+00:00\" \/>\n<meta name=\"twitter:card\" content=\"summary_large_image\" \/>\n<meta name=\"twitter:label1\" content=\"Est. reading time\" \/>\n\t<meta name=\"twitter:data1\" content=\"1 minute\" \/>\n<script type=\"application\/ld+json\" class=\"yoast-schema-graph\">{\"@context\":\"https:\\\/\\\/schema.org\",\"@graph\":[{\"@type\":\"WebPage\",\"@id\":\"https:\\\/\\\/isfq.ca\\\/donner\\\/\",\"url\":\"https:\\\/\\\/isfq.ca\\\/donner\\\/\",\"name\":\"Donner - Ing\u00e9nieurs Sans Fronti\u00e8res Qu\u00e9bec\",\"isPartOf\":{\"@id\":\"https:\\\/\\\/isfq.ca\\\/#website\"},\"datePublished\":\"2016-10-28T22:38:38+00:00\",\"dateModified\":\"2024-10-30T18:56:19+00:00\",\"description\":\"ISFQ d\u00e9pend enti\u00e8rement de l\u2019appui de ceux qui\u00a0partagent leur vision. Votre g\u00e9n\u00e9rosit\u00e9 permettra \u00e0 ses membres de continuer \u00e0\u00a0remplir leur mission au cours des ann\u00e9es \u00e0 venir, en\u00a0favorisant\u00a0le d\u00e9veloppement social et \u00e9conomique dans les r\u00e9gions les plus d\u00e9munies du monde.\u00bb\",\"breadcrumb\":{\"@id\":\"https:\\\/\\\/isfq.ca\\\/donner\\\/#breadcrumb\"},\"inLanguage\":\"en-CA\",\"potentialAction\":[{\"@type\":\"ReadAction\",\"target\":[\"https:\\\/\\\/isfq.ca\\\/donner\\\/\"]}]},{\"@type\":\"BreadcrumbList\",\"@id\":\"https:\\\/\\\/isfq.ca\\\/donner\\\/#breadcrumb\",\"itemListElement\":[{\"@type\":\"ListItem\",\"position\":1,\"name\":\"Accueil\",\"item\":\"https:\\\/\\\/isfq.ca\\\/\"},{\"@type\":\"ListItem\",\"position\":2,\"name\":\"Donner\"}]},{\"@type\":\"WebSite\",\"@id\":\"https:\\\/\\\/isfq.ca\\\/#website\",\"url\":\"https:\\\/\\\/isfq.ca\\\/\",\"name\":\"Ing\u00e9nieurs Sans Fronti\u00e8res Qu\u00e9bec\",\"description\":\"Le g\u00e9nie solidaire !\",\"publisher\":{\"@id\":\"https:\\\/\\\/isfq.ca\\\/#organization\"},\"potentialAction\":[{\"@type\":\"SearchAction\",\"target\":{\"@type\":\"EntryPoint\",\"urlTemplate\":\"https:\\\/\\\/isfq.ca\\\/?s={search_term_string}\"},\"query-input\":{\"@type\":\"PropertyValueSpecification\",\"valueRequired\":true,\"valueName\":\"search_term_string\"}}],\"inLanguage\":\"en-CA\"},{\"@type\":\"Organization\",\"@id\":\"https:\\\/\\\/isfq.ca\\\/#organization\",\"name\":\"ING\u00c9NIEURS SANS FRONTI\u00c8RES QU\u00c9BEC\",\"url\":\"https:\\\/\\\/isfq.ca\\\/\",\"logo\":{\"@type\":\"ImageObject\",\"inLanguage\":\"en-CA\",\"@id\":\"https:\\\/\\\/isfq.ca\\\/#\\\/schema\\\/logo\\\/image\\\/\",\"url\":\"https:\\\/\\\/isfq.ca\\\/wp-content\\\/uploads\\\/2022\\\/08\\\/logo-ingenieurs-sans-frontieres-quebec.png\",\"contentUrl\":\"https:\\\/\\\/isfq.ca\\\/wp-content\\\/uploads\\\/2022\\\/08\\\/logo-ingenieurs-sans-frontieres-quebec.png\",\"width\":2001,\"height\":926,\"caption\":\"ING\u00c9NIEURS SANS FRONTI\u00c8RES QU\u00c9BEC\"},\"image\":{\"@id\":\"https:\\\/\\\/isfq.ca\\\/#\\\/schema\\\/logo\\\/image\\\/\"},\"sameAs\":[\"https:\\\/\\\/www.facebook.com\\\/ingenieurssansfrontieresquebec\",\"https:\\\/\\\/www.youtube.com\\\/channel\\\/UCtrHiGJb-LcBZuevCaW8iEg?view_as=subscriber\",\"https:\\\/\\\/www.linkedin.com\\\/company\\\/ing-nieurs-sans-fronti-res-qu-bec-isfq-\\\/\"]}]}<\/script>\n<!-- \/ Yoast SEO plugin. -->","yoast_head_json":{"title":"Donner - Ing\u00e9nieurs Sans Fronti\u00e8res Qu\u00e9bec","description":"ISFQ d\u00e9pend enti\u00e8rement de l\u2019appui de ceux qui\u00a0partagent leur vision. Votre g\u00e9n\u00e9rosit\u00e9 permettra \u00e0 ses membres de continuer \u00e0\u00a0remplir leur mission au cours des ann\u00e9es \u00e0 venir, en\u00a0favorisant\u00a0le d\u00e9veloppement social et \u00e9conomique dans les r\u00e9gions les plus d\u00e9munies du monde.\u00bb","robots":{"index":"index","follow":"follow","max-snippet":"max-snippet:-1","max-image-preview":"max-image-preview:large","max-video-preview":"max-video-preview:-1"},"canonical":"https:\/\/isfq.ca\/en\/donner\/","og_locale":"en_US","og_type":"article","og_title":"Donner - Ing\u00e9nieurs Sans Fronti\u00e8res Qu\u00e9bec","og_description":"ISFQ d\u00e9pend enti\u00e8rement de l\u2019appui de ceux qui\u00a0partagent leur vision. Votre g\u00e9n\u00e9rosit\u00e9 permettra \u00e0 ses membres de continuer \u00e0\u00a0remplir leur mission au cours des ann\u00e9es \u00e0 venir, en\u00a0favorisant\u00a0le d\u00e9veloppement social et \u00e9conomique dans les r\u00e9gions les plus d\u00e9munies du monde.\u00bb","og_url":"https:\/\/isfq.ca\/en\/donner\/","og_site_name":"Ing\u00e9nieurs Sans Fronti\u00e8res Qu\u00e9bec","article_publisher":"https:\/\/www.facebook.com\/ingenieurssansfrontieresquebec","article_modified_time":"2024-10-30T18:56:19+00:00","twitter_card":"summary_large_image","twitter_misc":{"Est. reading time":"1 minute"},"schema":{"@context":"https:\/\/schema.org","@graph":[{"@type":"WebPage","@id":"https:\/\/isfq.ca\/donner\/","url":"https:\/\/isfq.ca\/donner\/","name":"Donner - Ing\u00e9nieurs Sans Fronti\u00e8res Qu\u00e9bec","isPartOf":{"@id":"https:\/\/isfq.ca\/#website"},"datePublished":"2016-10-28T22:38:38+00:00","dateModified":"2024-10-30T18:56:19+00:00","description":"ISFQ d\u00e9pend enti\u00e8rement de l\u2019appui de ceux qui\u00a0partagent leur vision. Votre g\u00e9n\u00e9rosit\u00e9 permettra \u00e0 ses membres de continuer \u00e0\u00a0remplir leur mission au cours des ann\u00e9es \u00e0 venir, en\u00a0favorisant\u00a0le d\u00e9veloppement social et \u00e9conomique dans les r\u00e9gions les plus d\u00e9munies du monde.\u00bb","breadcrumb":{"@id":"https:\/\/isfq.ca\/donner\/#breadcrumb"},"inLanguage":"en-CA","potentialAction":[{"@type":"ReadAction","target":["https:\/\/isfq.ca\/donner\/"]}]},{"@type":"BreadcrumbList","@id":"https:\/\/isfq.ca\/donner\/#breadcrumb","itemListElement":[{"@type":"ListItem","position":1,"name":"Accueil","item":"https:\/\/isfq.ca\/"},{"@type":"ListItem","position":2,"name":"Donner"}]},{"@type":"WebSite","@id":"https:\/\/isfq.ca\/#website","url":"https:\/\/isfq.ca\/","name":"Ing\u00e9nieurs Sans Fronti\u00e8res Qu\u00e9bec","description":"Le g\u00e9nie solidaire !","publisher":{"@id":"https:\/\/isfq.ca\/#organization"},"potentialAction":[{"@type":"SearchAction","target":{"@type":"EntryPoint","urlTemplate":"https:\/\/isfq.ca\/?s={search_term_string}"},"query-input":{"@type":"PropertyValueSpecification","valueRequired":true,"valueName":"search_term_string"}}],"inLanguage":"en-CA"},{"@type":"Organization","@id":"https:\/\/isfq.ca\/#organization","name":"ING\u00c9NIEURS SANS FRONTI\u00c8RES QU\u00c9BEC","url":"https:\/\/isfq.ca\/","logo":{"@type":"ImageObject","inLanguage":"en-CA","@id":"https:\/\/isfq.ca\/#\/schema\/logo\/image\/","url":"https:\/\/isfq.ca\/wp-content\/uploads\/2022\/08\/logo-ingenieurs-sans-frontieres-quebec.png","contentUrl":"https:\/\/isfq.ca\/wp-content\/uploads\/2022\/08\/logo-ingenieurs-sans-frontieres-quebec.png","width":2001,"height":926,"caption":"ING\u00c9NIEURS SANS FRONTI\u00c8RES QU\u00c9BEC"},"image":{"@id":"https:\/\/isfq.ca\/#\/schema\/logo\/image\/"},"sameAs":["https:\/\/www.facebook.com\/ingenieurssansfrontieresquebec","https:\/\/www.youtube.com\/channel\/UCtrHiGJb-LcBZuevCaW8iEg?view_as=subscriber","https:\/\/www.linkedin.com\/company\/ing-nieurs-sans-fronti-res-qu-bec-isfq-\/"]}]}},"_links":{"self":[{"href":"https:\/\/isfq.ca\/en\/wp-json\/wp\/v2\/pages\/7019","targetHints":{"allow":["GET"]}}],"collection":[{"href":"https:\/\/isfq.ca\/en\/wp-json\/wp\/v2\/pages"}],"about":[{"href":"https:\/\/isfq.ca\/en\/wp-json\/wp\/v2\/types\/page"}],"author":[{"embeddable":true,"href":"https:\/\/isfq.ca\/en\/wp-json\/wp\/v2\/users\/1"}],"replies":[{"embeddable":true,"href":"https:\/\/isfq.ca\/en\/wp-json\/wp\/v2\/comments?post=7019"}],"version-history":[{"count":15,"href":"https:\/\/isfq.ca\/en\/wp-json\/wp\/v2\/pages\/7019\/revisions"}],"predecessor-version":[{"id":12852,"href":"https:\/\/isfq.ca\/en\/wp-json\/wp\/v2\/pages\/7019\/revisions\/12852"}],"wp:attachment":[{"href":"https:\/\/isfq.ca\/en\/wp-json\/wp\/v2\/media?parent=7019"}],"curies":[{"name":"wp","href":"https:\/\/api.w.org\/{rel}","templated":true}]}}