{"id":25,"date":"2015-12-30T15:41:20","date_gmt":"2015-12-30T15:41:20","guid":{"rendered":"http:\/\/themenectar.com\/demo\/salient-corporate\/?page_id=25"},"modified":"2025-02-19T16:35:49","modified_gmt":"2025-02-19T21:35:49","slug":"contactez-nous","status":"publish","type":"page","link":"https:\/\/isfq.ca\/en\/contactez-nous\/","title":{"rendered":"Joins us"},"content":{"rendered":"\n\t<div id=\"fws_69d7f3cb30d7a\"  data-midnight=\"dark\" data-bg-mobile-hidden=\"\" class=\"wpb_row vc_row-fluid vc_row full-width-section standard_section  padding-60-t-b padding-on-tablets \"  style=\"padding-top: 0px; padding-bottom: 0px; \"><div class=\"row-bg-wrap\"> <div class=\"row-bg using-image using-bg-color  \"  style=\"background-image: url(); background-position: center center; background-repeat: no-repeat; background-color: #ffffff; \" data-color_overlay=\"\" data-color_overlay_2=\"\" data-gradient_direction=\"\" data-overlay_strength=\"0.95\" data-enable_gradient=\"false\"><\/div> <\/div><div class=\"col span_12 dark left\">\n\t<div  class=\"vc_col-sm-12 wpb_column column_container vc_column_container col no-extra-padding\"  data-bg-cover=\"\" data-padding-pos=\"left-right\" data-has-bg-color=\"false\" data-bg-color=\"\" data-bg-opacity=\"1\" data-hover-bg=\"\" data-hover-bg-opacity=\"1\" data-animation=\"\" data-delay=\"0\">\n\t\t<div class=\"vc_column-inner\">\n\t\t\t<div class=\"wpb_wrapper\">\n\t\t\t\t\n\t<div id=\"fws_69d7f3cb30ff8\" data-midnight=\"\" data-bg-mobile-hidden=\"\" class=\"wpb_row vc_row-fluid vc_row standard_section   \"  style=\"padding-top: 0px; padding-bottom: 0px; \"><div class=\"row-bg-wrap\"> <div class=\"row-bg   \"  style=\"\"><\/div> <\/div><div class=\"col span_12  left\">\n\t<div  class=\"vc_col-sm-7 col-left-contact wpb_column column_container vc_column_container col no-extra-padding\"  data-bg-cover=\"\" data-padding-pos=\"all\" data-has-bg-color=\"false\" data-bg-color=\"\" data-bg-opacity=\"1\" data-hover-bg=\"\" data-hover-bg-opacity=\"1\" data-animation=\"\" data-delay=\"0\">\n\t\t<div class=\"vc_column-inner\">\n\t\t<div class=\"wpb_wrapper\">\n\t\t\t\n\t<div class=\"wpb_text_column wpb_content_element \" >\n\t\t<div class=\"wpb_wrapper\">\n\t\t\t<h3 class=\"contact\"><i class=\"fa fa-map-marker\"><\/i>Rencontrez-nous\u2009:<\/h3>\n<p>8440, boulevard St-Laurent, local 204<br \/>\nMontr\u00e9al (QC), Canada, H2P 2M5<\/p>\n<h3 class=\"contact\"><i class=\"fa fa-phone\"><\/i>T\u00e9l\u00e9phonez-nous\u2009:<\/h3>\n<p>+1-(438)-320-ISFQ (4737)<\/p>\n<h3 class=\"contact\"><i class=\"fa fa-envelope-o\"><\/i>\u00c9crivez-nous\u2009:<\/h3>\n<p>Information g\u00e9n\u00e9rale: <a href=\"mailto:isfq@isfq.ca\">isfq(@)isfq.ca<\/a><\/p>\n<p>Direction g\u00e9n\u00e9rale: <a href=\"mailto:pierre-luc.huot@isfq.ca\">pierre-Luc.huot(@)isfq.ca<\/a><\/p>\n<p>Directeur des projets de coop\u00e9ration internationale : <a href=\"mailto:vincent.roy@isfq.ca\">vincent.roy(@)isfq.ca<\/a><\/p>\n\n\t\t<\/div>\n\t<\/div>\n\n\t\t<\/div> \n\t<\/div>\n\t<\/div> \n\n\t<div style=\"\" class=\"vc_col-sm-5 col-blue-contact wpb_column column_container vc_column_container col no-extra-padding\" data-using-bg=\"true\" data-bg-cover=\"\" data-padding-pos=\"all\" data-has-bg-color=\"true\" data-bg-color=\"#1c355e\" data-bg-opacity=\"1\" data-hover-bg=\"\" data-hover-bg-opacity=\"1\" data-animation=\"\" data-delay=\"0\">\n\t\t<div class=\"vc_column-inner\">\n\t\t<div class=\"wpb_wrapper\">\n\t\t\t\n\t<div class=\"wpb_text_column wpb_content_element  white padding-7p-r\" >\n\t\t<div class=\"wpb_wrapper\">\n\t\t\t<h2 class=\"uppertext\">Faire un don<\/h2>\n<p>100% des dons re\u00e7us seront vers\u00e9s aux projets, car nous croyons que l\u2019enti\u00e8ret\u00e9 de votre g\u00e9n\u00e9rosit\u00e9 doit \u00eatre dirig\u00e9e vers ce qui vous tient \u00e0 c\u0153ur : aider !<\/p>\n<p><a class=\"button-primary\" href=\"https:\/\/isfq.ca\/donner\/\">Donner maintenant<\/a><\/p>\n\n\t\t<\/div>\n\t<\/div>\n\n\t<div class=\"wpb_raw_code wpb_content_element wpb_raw_html\">\n\t\t<div class=\"wpb_wrapper\">\n\t\t\t<div class=\"divider-white\"><\/div>\n\t\t<\/div>\n\t<\/div>\n\n\t<div class=\"wpb_raw_code wpb_content_element wpb_raw_html\">\n\t\t<div class=\"wpb_wrapper\">\n\t\t\t<div class=\"social-contact\">\n<a target=\"_blank\" href=\"https:\/\/www.facebook.com\/ingenieurssansfrontieresquebec\"><i class=\"icon-facebook\"><\/i> <\/a>\n<a target=\"_blank\" href=\"https:\/\/www.linkedin.com\/company\/ing-nieurs-sans-fronti-res-qu-bec-isfq-\/\"><i class=\"icon-linkedin\"><\/i> <\/a>\n<\/div>\n\t\t<\/div>\n\t<\/div>\n\n\t\t<\/div> \n\t<\/div>\n\t<\/div> \n<\/div><\/div>\n\t\t\t<\/div> \n\t\t<\/div>\n\t<\/div> \n<\/div><\/div>\n\t<div id=\"fws_69d7f3cb315a0\"  data-midnight=\"dark\" data-bg-mobile-hidden=\"\" class=\"wpb_row vc_row-fluid vc_row full-width-section standard_section  padding-on-tablets \"  style=\"padding-top: 0px; padding-bottom: 0px; \"><div class=\"row-bg-wrap\"> <div class=\"row-bg  using-bg-color  \"  style=\"background-color: #efefef; \" data-color_overlay=\"\" data-color_overlay_2=\"\" data-gradient_direction=\"\" data-overlay_strength=\"0.3\" data-enable_gradient=\"false\"><\/div> <\/div><div class=\"col span_12 dark left\">\n\t<div  class=\"vc_col-sm-12 wpb_column column_container vc_column_container col no-extra-padding\"  data-bg-cover=\"\" data-padding-pos=\"all\" data-has-bg-color=\"false\" data-bg-color=\"\" data-bg-opacity=\"1\" data-hover-bg=\"\" data-hover-bg-opacity=\"1\" data-animation=\"\" data-delay=\"0\">\n\t\t<div class=\"vc_column-inner\">\n\t\t\t<div class=\"wpb_wrapper\">\n\t\t\t\t\n\t<div class=\"wpb_text_column wpb_content_element  padding-40-t-b\" >\n\t\t<div class=\"wpb_wrapper\">\n\t\t\t<h2 class=\"blue-dark uppertext\">Formulaire de contact<\/h2>\n\n\t\t<\/div>\n\t<\/div>\n\n\t<div class=\"wpb_text_column wpb_content_element  padding-40-b\" >\n\t\t<div class=\"wpb_wrapper\">\n\t\t\t\n<div class=\"wpcf7 no-js\" id=\"wpcf7-f9320-o1\" lang=\"en-US\" dir=\"ltr\" data-wpcf7-id=\"9320\">\n<div class=\"screen-reader-response\"><p role=\"status\" aria-live=\"polite\" aria-atomic=\"true\"><\/p> <ul><\/ul><\/div>\n<form action=\"\/en\/wp-json\/wp\/v2\/pages\/25#wpcf7-f9320-o1\" method=\"post\" class=\"wpcf7-form init\" aria-label=\"Contact form\" novalidate=\"novalidate\" data-status=\"init\">\n<fieldset class=\"hidden-fields-container\"><input type=\"hidden\" name=\"_wpcf7\" value=\"9320\" \/><input type=\"hidden\" name=\"_wpcf7_version\" value=\"6.1.5\" \/><input type=\"hidden\" name=\"_wpcf7_locale\" value=\"en_US\" \/><input type=\"hidden\" name=\"_wpcf7_unit_tag\" value=\"wpcf7-f9320-o1\" \/><input type=\"hidden\" name=\"_wpcf7_container_post\" value=\"0\" \/><input type=\"hidden\" name=\"_wpcf7_posted_data_hash\" value=\"\" \/>\n<\/fieldset>\n<p style=\"font-weight: 600;\">Comment vous appelez-vous&nbsp;? *\n<\/p>\n<p style=\"margin-bottom: 5px;\"><span class=\"wpcf7-form-control-wrap\" data-name=\"your-name\"><input size=\"40\" maxlength=\"400\" class=\"wpcf7-form-control wpcf7-text wpcf7-validates-as-required\" aria-required=\"true\" aria-invalid=\"false\" placeholder=\"Votre nom &amp; pr\u00e9nom\" value=\"\" type=\"text\" name=\"your-name\" \/><\/span>\n<\/p>\n<p style=\"font-weight: 600;\">Quel est votre courriel&nbsp;? *\n<\/p>\n<p style=\"margin-bottom: 5px;\"><span class=\"wpcf7-form-control-wrap\" data-name=\"your-email\"><input size=\"40\" maxlength=\"400\" class=\"wpcf7-form-control wpcf7-email wpcf7-validates-as-required wpcf7-text wpcf7-validates-as-email\" aria-required=\"true\" aria-invalid=\"false\" placeholder=\"Laissez-nous ici votre courriel\" value=\"\" type=\"email\" name=\"your-email\" \/><\/span>\n<\/p>\n<p style=\"font-weight: 600;\">Laissez-nous votre num\u00e9ro si vous souhaitez \u00eatre contact\u00e9 par t\u00e9l\u00e9phone\n<\/p>\n<p style=\"margin-bottom: 5px;\"><span class=\"wpcf7-form-control-wrap\" data-name=\"your-tel\"><input size=\"40\" maxlength=\"400\" class=\"wpcf7-form-control wpcf7-tel wpcf7-text wpcf7-validates-as-tel\" aria-invalid=\"false\" placeholder=\"Votre num\u00e9ro de t\u00e9l\u00e9phone ?\" value=\"\" type=\"tel\" name=\"your-tel\" \/><\/span>\n<\/p>\n<p style=\"font-weight: 600;margin-bottom: 5px;\">Moyen de communication pr\u00e9f\u00e9r\u00e9 :\n<\/p>\n<p style=\"margin-bottom: 0px;  padding-bottom: 15px;  margin-left: 0px;\"><span class=\"wpcf7-form-control-wrap\" data-name=\"your-moyen-de-communication\"><span class=\"wpcf7-form-control wpcf7-radio\"><span class=\"wpcf7-list-item first\"><input type=\"radio\" name=\"your-moyen-de-communication\" value=\"Courriel\" \/><span class=\"wpcf7-list-item-label\">Courriel<\/span><\/span><span class=\"wpcf7-list-item last\"><input type=\"radio\" name=\"your-moyen-de-communication\" value=\"T\u00e9l\u00e9phone\" \/><span class=\"wpcf7-list-item-label\">T\u00e9l\u00e9phone<\/span><\/span><\/span><\/span>\n<\/p>\n<p style=\"font-weight: 600;\">Comment peut-on vous aider&nbsp;?\n<\/p>\n<p style=\"margin-bottom: 5px;\"><span class=\"wpcf7-form-control-wrap\" data-name=\"textarea-message\"><textarea cols=\"40\" rows=\"4\" maxlength=\"2000\" class=\"wpcf7-form-control wpcf7-textarea\" aria-invalid=\"false\" placeholder=\"Entrez ici votre message\" name=\"textarea-message\"><\/textarea><\/span>\n<\/p>\n<p style=\"margin-bottom: -20px;\">\n<\/p>\n<div class=\"captcha-by-google\" style=\"opacity:1!important;\">\n\t<p>[recaptcha]\n\t<\/p>\n<\/div>\n<p><input class=\"wpcf7-form-control wpcf7-submit has-spinner\" type=\"submit\" value=\"Envoyer mon message\" \/>\n<\/p><div class=\"wpcf7-response-output\" aria-hidden=\"true\"><\/div>\n<\/form>\n<\/div>\n\n\n\t\t<\/div>\n\t<\/div>\n\n\t\t\t<\/div> \n\t\t<\/div>\n\t<\/div> \n<\/div><\/div>\n","protected":false},"excerpt":{"rendered":"Rencontrez-nous\u2009: 8440, boulevard St-Laurent, local 204 Montr\u00e9al (QC), Canada, H2P 2M5 T\u00e9l\u00e9phonez-nous\u2009: +1-(438)-320-ISFQ (4737) \u00c9crivez-nous\u2009: Information g\u00e9n\u00e9rale: isfq(@)isfq.ca Direction g\u00e9n\u00e9rale: pierre-Luc.huot(@)isfq.ca Directeur des projets de coop\u00e9ration internationale : vincent.roy(@)isfq.ca Faire...","protected":false},"author":1,"featured_media":0,"parent":0,"menu_order":0,"comment_status":"closed","ping_status":"closed","template":"","meta":{"footnotes":""},"class_list":["post-25","page","type-page","status-publish","hentry"],"yoast_head":"<!-- This site is optimized with the Yoast SEO plugin v27.3 - https:\/\/yoast.com\/product\/yoast-seo-wordpress\/ -->\n<title>Contact - Ing\u00e9nieurs Sans Fronti\u00e8res Qu\u00e9bec<\/title>\n<meta name=\"description\" content=\"Pour toutes questions ou demande d&#039;information portant sur nos programmes et projets, veuillez nous joindre.\" \/>\n<meta name=\"robots\" content=\"index, follow, max-snippet:-1, max-image-preview:large, max-video-preview:-1\" \/>\n<link rel=\"canonical\" href=\"https:\/\/isfq.ca\/en\/contactez-nous\/\" \/>\n<meta property=\"og:locale\" content=\"en_US\" \/>\n<meta property=\"og:type\" content=\"article\" \/>\n<meta property=\"og:title\" content=\"Contact - Ing\u00e9nieurs Sans Fronti\u00e8res Qu\u00e9bec\" \/>\n<meta property=\"og:description\" content=\"Pour toutes questions ou demande d&#039;information portant sur nos programmes et projets, veuillez nous joindre.\" \/>\n<meta property=\"og:url\" content=\"https:\/\/isfq.ca\/en\/contactez-nous\/\" \/>\n<meta property=\"og:site_name\" content=\"Ing\u00e9nieurs Sans Fronti\u00e8res Qu\u00e9bec\" \/>\n<meta property=\"article:publisher\" content=\"https:\/\/www.facebook.com\/ingenieurssansfrontieresquebec\" \/>\n<meta property=\"article:modified_time\" content=\"2025-02-19T21:35:49+00:00\" \/>\n<meta name=\"twitter:card\" content=\"summary_large_image\" \/>\n<meta name=\"twitter:label1\" content=\"Est. reading time\" \/>\n\t<meta name=\"twitter:data1\" content=\"1 minute\" \/>\n<script type=\"application\/ld+json\" class=\"yoast-schema-graph\">{\"@context\":\"https:\\\/\\\/schema.org\",\"@graph\":[{\"@type\":\"WebPage\",\"@id\":\"https:\\\/\\\/isfq.ca\\\/contactez-nous\\\/\",\"url\":\"https:\\\/\\\/isfq.ca\\\/contactez-nous\\\/\",\"name\":\"Contact - Ing\u00e9nieurs Sans Fronti\u00e8res Qu\u00e9bec\",\"isPartOf\":{\"@id\":\"https:\\\/\\\/isfq.ca\\\/#website\"},\"datePublished\":\"2015-12-30T15:41:20+00:00\",\"dateModified\":\"2025-02-19T21:35:49+00:00\",\"description\":\"Pour toutes questions ou demande d'information portant sur nos programmes et projets, veuillez nous joindre.\",\"breadcrumb\":{\"@id\":\"https:\\\/\\\/isfq.ca\\\/contactez-nous\\\/#breadcrumb\"},\"inLanguage\":\"en-CA\",\"potentialAction\":[{\"@type\":\"ReadAction\",\"target\":[\"https:\\\/\\\/isfq.ca\\\/contactez-nous\\\/\"]}]},{\"@type\":\"BreadcrumbList\",\"@id\":\"https:\\\/\\\/isfq.ca\\\/contactez-nous\\\/#breadcrumb\",\"itemListElement\":[{\"@type\":\"ListItem\",\"position\":1,\"name\":\"Accueil\",\"item\":\"https:\\\/\\\/isfq.ca\\\/\"},{\"@type\":\"ListItem\",\"position\":2,\"name\":\"Contact\"}]},{\"@type\":\"WebSite\",\"@id\":\"https:\\\/\\\/isfq.ca\\\/#website\",\"url\":\"https:\\\/\\\/isfq.ca\\\/\",\"name\":\"Ing\u00e9nieurs Sans Fronti\u00e8res Qu\u00e9bec\",\"description\":\"Le g\u00e9nie solidaire !\",\"publisher\":{\"@id\":\"https:\\\/\\\/isfq.ca\\\/#organization\"},\"potentialAction\":[{\"@type\":\"SearchAction\",\"target\":{\"@type\":\"EntryPoint\",\"urlTemplate\":\"https:\\\/\\\/isfq.ca\\\/?s={search_term_string}\"},\"query-input\":{\"@type\":\"PropertyValueSpecification\",\"valueRequired\":true,\"valueName\":\"search_term_string\"}}],\"inLanguage\":\"en-CA\"},{\"@type\":\"Organization\",\"@id\":\"https:\\\/\\\/isfq.ca\\\/#organization\",\"name\":\"ING\u00c9NIEURS SANS FRONTI\u00c8RES QU\u00c9BEC\",\"url\":\"https:\\\/\\\/isfq.ca\\\/\",\"logo\":{\"@type\":\"ImageObject\",\"inLanguage\":\"en-CA\",\"@id\":\"https:\\\/\\\/isfq.ca\\\/#\\\/schema\\\/logo\\\/image\\\/\",\"url\":\"https:\\\/\\\/isfq.ca\\\/wp-content\\\/uploads\\\/2022\\\/08\\\/logo-ingenieurs-sans-frontieres-quebec.png\",\"contentUrl\":\"https:\\\/\\\/isfq.ca\\\/wp-content\\\/uploads\\\/2022\\\/08\\\/logo-ingenieurs-sans-frontieres-quebec.png\",\"width\":2001,\"height\":926,\"caption\":\"ING\u00c9NIEURS SANS FRONTI\u00c8RES QU\u00c9BEC\"},\"image\":{\"@id\":\"https:\\\/\\\/isfq.ca\\\/#\\\/schema\\\/logo\\\/image\\\/\"},\"sameAs\":[\"https:\\\/\\\/www.facebook.com\\\/ingenieurssansfrontieresquebec\",\"https:\\\/\\\/www.youtube.com\\\/channel\\\/UCtrHiGJb-LcBZuevCaW8iEg?view_as=subscriber\",\"https:\\\/\\\/www.linkedin.com\\\/company\\\/ing-nieurs-sans-fronti-res-qu-bec-isfq-\\\/\"]}]}<\/script>\n<!-- \/ Yoast SEO plugin. -->","yoast_head_json":{"title":"Contact - Ing\u00e9nieurs Sans Fronti\u00e8res Qu\u00e9bec","description":"Pour toutes questions ou demande d'information portant sur nos programmes et projets, veuillez nous joindre.","robots":{"index":"index","follow":"follow","max-snippet":"max-snippet:-1","max-image-preview":"max-image-preview:large","max-video-preview":"max-video-preview:-1"},"canonical":"https:\/\/isfq.ca\/en\/contactez-nous\/","og_locale":"en_US","og_type":"article","og_title":"Contact - Ing\u00e9nieurs Sans Fronti\u00e8res Qu\u00e9bec","og_description":"Pour toutes questions ou demande d'information portant sur nos programmes et projets, veuillez nous joindre.","og_url":"https:\/\/isfq.ca\/en\/contactez-nous\/","og_site_name":"Ing\u00e9nieurs Sans Fronti\u00e8res Qu\u00e9bec","article_publisher":"https:\/\/www.facebook.com\/ingenieurssansfrontieresquebec","article_modified_time":"2025-02-19T21:35:49+00:00","twitter_card":"summary_large_image","twitter_misc":{"Est. reading time":"1 minute"},"schema":{"@context":"https:\/\/schema.org","@graph":[{"@type":"WebPage","@id":"https:\/\/isfq.ca\/contactez-nous\/","url":"https:\/\/isfq.ca\/contactez-nous\/","name":"Contact - Ing\u00e9nieurs Sans Fronti\u00e8res Qu\u00e9bec","isPartOf":{"@id":"https:\/\/isfq.ca\/#website"},"datePublished":"2015-12-30T15:41:20+00:00","dateModified":"2025-02-19T21:35:49+00:00","description":"Pour toutes questions ou demande d'information portant sur nos programmes et projets, veuillez nous joindre.","breadcrumb":{"@id":"https:\/\/isfq.ca\/contactez-nous\/#breadcrumb"},"inLanguage":"en-CA","potentialAction":[{"@type":"ReadAction","target":["https:\/\/isfq.ca\/contactez-nous\/"]}]},{"@type":"BreadcrumbList","@id":"https:\/\/isfq.ca\/contactez-nous\/#breadcrumb","itemListElement":[{"@type":"ListItem","position":1,"name":"Accueil","item":"https:\/\/isfq.ca\/"},{"@type":"ListItem","position":2,"name":"Contact"}]},{"@type":"WebSite","@id":"https:\/\/isfq.ca\/#website","url":"https:\/\/isfq.ca\/","name":"Ing\u00e9nieurs Sans Fronti\u00e8res Qu\u00e9bec","description":"Le g\u00e9nie solidaire !","publisher":{"@id":"https:\/\/isfq.ca\/#organization"},"potentialAction":[{"@type":"SearchAction","target":{"@type":"EntryPoint","urlTemplate":"https:\/\/isfq.ca\/?s={search_term_string}"},"query-input":{"@type":"PropertyValueSpecification","valueRequired":true,"valueName":"search_term_string"}}],"inLanguage":"en-CA"},{"@type":"Organization","@id":"https:\/\/isfq.ca\/#organization","name":"ING\u00c9NIEURS SANS FRONTI\u00c8RES QU\u00c9BEC","url":"https:\/\/isfq.ca\/","logo":{"@type":"ImageObject","inLanguage":"en-CA","@id":"https:\/\/isfq.ca\/#\/schema\/logo\/image\/","url":"https:\/\/isfq.ca\/wp-content\/uploads\/2022\/08\/logo-ingenieurs-sans-frontieres-quebec.png","contentUrl":"https:\/\/isfq.ca\/wp-content\/uploads\/2022\/08\/logo-ingenieurs-sans-frontieres-quebec.png","width":2001,"height":926,"caption":"ING\u00c9NIEURS SANS FRONTI\u00c8RES QU\u00c9BEC"},"image":{"@id":"https:\/\/isfq.ca\/#\/schema\/logo\/image\/"},"sameAs":["https:\/\/www.facebook.com\/ingenieurssansfrontieresquebec","https:\/\/www.youtube.com\/channel\/UCtrHiGJb-LcBZuevCaW8iEg?view_as=subscriber","https:\/\/www.linkedin.com\/company\/ing-nieurs-sans-fronti-res-qu-bec-isfq-\/"]}]}},"_links":{"self":[{"href":"https:\/\/isfq.ca\/en\/wp-json\/wp\/v2\/pages\/25","targetHints":{"allow":["GET"]}}],"collection":[{"href":"https:\/\/isfq.ca\/en\/wp-json\/wp\/v2\/pages"}],"about":[{"href":"https:\/\/isfq.ca\/en\/wp-json\/wp\/v2\/types\/page"}],"author":[{"embeddable":true,"href":"https:\/\/isfq.ca\/en\/wp-json\/wp\/v2\/users\/1"}],"replies":[{"embeddable":true,"href":"https:\/\/isfq.ca\/en\/wp-json\/wp\/v2\/comments?post=25"}],"version-history":[{"count":14,"href":"https:\/\/isfq.ca\/en\/wp-json\/wp\/v2\/pages\/25\/revisions"}],"predecessor-version":[{"id":12951,"href":"https:\/\/isfq.ca\/en\/wp-json\/wp\/v2\/pages\/25\/revisions\/12951"}],"wp:attachment":[{"href":"https:\/\/isfq.ca\/en\/wp-json\/wp\/v2\/media?parent=25"}],"curies":[{"name":"wp","href":"https:\/\/api.w.org\/{rel}","templated":true}]}}