{"id":12174,"date":"2023-02-15T21:03:22","date_gmt":"2023-02-16T02:03:22","guid":{"rendered":"https:\/\/isfq.ca\/?page_id=12174"},"modified":"2023-10-12T09:59:05","modified_gmt":"2023-10-12T13:59:05","slug":"confidentialitedonnees","status":"publish","type":"page","link":"https:\/\/isfq.ca\/en\/confidentialitedonnees\/","title":{"rendered":"Politique de confidentialit\u00e9"},"content":{"rendered":"<div id=\"fws_69d7f0f874ab4\"  data-midnight=\"dark\" data-bg-mobile-hidden=\"\" class=\"wpb_row vc_row-fluid vc_row standard_section\"  style=\"padding-top: 0px; padding-bottom: 0px; \"><div class=\"row-bg-wrap\"> <div class=\"row-bg\"  style=\"\" data-color_overlay=\"\" data-color_overlay_2=\"\" data-gradient_direction=\"\" data-overlay_strength=\"0.3\" data-enable_gradient=\"false\"><\/div> <\/div><div class=\"col span_12 dark left\">\n\t<div  class=\"vc_col-sm-12 wpb_column column_container vc_column_container col no-extra-padding\"  data-bg-cover=\"\" data-padding-pos=\"all\" data-has-bg-color=\"false\" data-bg-color=\"\" data-bg-opacity=\"1\" data-hover-bg=\"\" data-hover-bg-opacity=\"1\" data-animation=\"\" data-delay=\"0\">\n\t\t<div class=\"vc_column-inner\">\n\t\t\t<div class=\"wpb_wrapper\">\n\t\t\t\t\n\t\t\t<\/div> \n\t\t<\/div>\n\t<\/div> \n<\/div><\/div>\n\t<div id=\"fws_69d7f0f874c6b\"  data-midnight=\"dark\" data-bg-mobile-hidden=\"\" class=\"wpb_row vc_row-fluid vc_row standard_section\"  style=\"padding-top: 0px; padding-bottom: 0px; \"><div class=\"row-bg-wrap\"> <div class=\"row-bg\"  style=\"\" data-color_overlay=\"\" data-color_overlay_2=\"\" data-gradient_direction=\"\" data-overlay_strength=\"0.3\" data-enable_gradient=\"false\"><\/div> <\/div><div class=\"col span_12 dark left\">\n\t<div  class=\"vc_col-sm-12 wpb_column column_container vc_column_container col no-extra-padding\"  data-bg-cover=\"\" data-padding-pos=\"all\" data-has-bg-color=\"false\" data-bg-color=\"\" data-bg-opacity=\"1\" data-hover-bg=\"\" data-hover-bg-opacity=\"1\" data-animation=\"\" data-delay=\"0\">\n\t\t<div class=\"vc_column-inner\">\n\t\t\t<div class=\"wpb_wrapper\">\n\t\t\t\t\n\t<div id=\"fws_69d7f0f874e6b\" data-midnight=\"\" data-bg-mobile-hidden=\"\" class=\"wpb_row vc_row-fluid vc_row standard_section\"  style=\"padding-top: 0px; padding-bottom: 0px; \"><div class=\"row-bg-wrap\"> <div class=\"row-bg\"  style=\"\"><\/div> <\/div><div class=\"col span_12  left\">\n\t<div  class=\"vc_col-sm-12 wpb_column column_container vc_column_container col no-extra-padding\"  data-bg-cover=\"\" data-padding-pos=\"all\" data-has-bg-color=\"false\" data-bg-color=\"\" data-bg-opacity=\"1\" data-hover-bg=\"\" data-hover-bg-opacity=\"1\" data-animation=\"\" data-delay=\"0\">\n\t\t<div class=\"vc_column-inner\">\n\t\t<div class=\"wpb_wrapper\">\n\t\t\t\n\t<div class=\"wpb_text_column wpb_content_element\" >\n\t\t<div class=\"wpb_wrapper\">\n\t\t\t<div class=\"divider-large-border\"><\/div>\n<h3>CONFIDENTIALIT\u00c9 ET S\u00c9CURIT\u00c9<\/h3>\n<p>Ing\u00e9nieurs Sans Fronti\u00e8res Qu\u00e9bec (ISFQ) s\u2019engage \u00e0 pr\u00e9server la s\u00e9curit\u00e9 et la confidentialit\u00e9 de vos renseignements personnels. ISFQ s\u2019engage \u00e9galement \u00e0 respecter la <em>Loi sur la protection des renseignements personnels et documents \u00e9lectroniques du Canada<\/em>. Nous vous invitons \u00e0 prendre le temps de lire la pr\u00e9sente politique sur la protection des renseignements personnels, comme elle fournit de l\u2019information sur les types de renseignements personnels que ISFQ peut recueillir et sur la mani\u00e8re dont ils sont utilis\u00e9s et prot\u00e9g\u00e9s.<\/p>\n<h3>NOS PRINCIPES DE CONFIDENTIALIT\u00c9 DES RENSEIGNEMENTS PERSONNELS<\/h3>\n<p>La confidentialit\u00e9 des renseignements personnels fait partie int\u00e9grante de nos actions et nos principes de confidentialit\u00e9 s\u2019appliquent \u00e0 tout ce que nous faisons.<\/p>\n<ol>\n<li>Les renseignements personnels sont toujours prot\u00e9g\u00e9s et s\u00e9curis\u00e9s\u00a0;<\/li>\n<li>Les renseignements personnels sont recueillis seulement \u00e0 des fins l\u00e9gales, r\u00e9glementaires ou commerciales, et utilis\u00e9s uniquement aux fins pr\u00e9vues au moment o\u00f9 ils ont \u00e9t\u00e9 recueillis\u00a0;<\/li>\n<li>Les renseignements personnels ne sont conserv\u00e9s que le temps n\u00e9cessaire \u00e0 la r\u00e9alisation de l\u2019action de traitement original ou pour satisfaire aux obligations l\u00e9gales.<\/li>\n<\/ol>\n<h3>CUEILLETTE ET UTILISATION DE VOS RENSEIGNEMENTS PERSONNELS<\/h3>\n<p>Nous d\u00e9tiendrons et traiterons les renseignements personnels que vous nous fournissez par l\u2019interm\u00e9diaire du site Internet ou en transmettant des courriels ou formulaires en ligne \u00e0 des fins commerciales ou \u00e0 des fins juridiques li\u00e9es au recrutement, lorsque vous transmettez ces renseignements par l\u2019entremise de la section \u00ab\u00a0Emplois\u00a0\u00bb du site. Voici quelques exemples de renseignements personnels que nous pourrions recueillir\u00a0:<\/p>\n<ul>\n<li>Pr\u00e9nom et nom<\/li>\n<li>Num\u00e9ro de t\u00e9l\u00e9phone<\/li>\n<li>Adresse \u00e9lectronique<\/li>\n<li>Adresse r\u00e9sidentielle<\/li>\n<li>Titre de l\u2019emploi<\/li>\n<li>Organisation<\/li>\n<li>Qualifications professionnelles<\/li>\n<li>Informations bancaires (dans le cadre d\u2019achat sur le site web)<\/li>\n<\/ul>\n<p>En plus de ces renseignements, ISFQ recueille \u00e9galement des renseignements sur les visites et l\u2019acc\u00e8s au site Web afin d\u2019am\u00e9liorer la conception de celui-ci. ISFQ collecte des informations sur la popularit\u00e9 de chaque page, le nombre moyen de pages acc\u00e9d\u00e9es par visiteur, le nombre de courriels envoy\u00e9s, de fichiers t\u00e9l\u00e9charg\u00e9s et le temps pass\u00e9 sur le site. Aucun de ces renseignements n\u2019est reli\u00e9 \u00e0\u00a0l\u2019utilisateur personnellement.<\/p>\n<p>Vos renseignements pourraient \u00eatre trait\u00e9s par notre personnel. En envoyant vos renseignements, vous acceptez ce stockage et ce traitement. ISFQ prendra toutes les mesures raisonnablement n\u00e9cessaires pour assurer que vos renseignements soient trait\u00e9s et stock\u00e9s en toute s\u00e9curit\u00e9. Tous les renseignements sont conserv\u00e9s sur nos serveurs s\u00e9curis\u00e9s.<\/p>\n<h3>S\u00c9CURIT\u00c9 DE VOS RENSEIGNEMENTS PERSONNELS<\/h3>\n<p>ISFQ a adopt\u00e9 des mesures de s\u00e9curit\u00e9 adapt\u00e9es pour prot\u00e9ger la confidentialit\u00e9, l\u2019int\u00e9grit\u00e9 et la disponibilit\u00e9 de vos renseignements personnels. Des mesures de s\u00e9curit\u00e9 organisationnelles et techniques, comprenant la protection par mot de passe et le chiffrement, sont utilis\u00e9es pour prot\u00e9ger vos renseignements et nous assurer qu\u2019ils sont trait\u00e9s de fa\u00e7on conforme aux lois et r\u00e8glements sur la confidentialit\u00e9 des donn\u00e9es applicables. Lorsque vous choisissez un mot de passe afin d\u2019acc\u00e9der \u00e0 certaines parties de notre site, vous devez pr\u00e9server la confidentialit\u00e9 de ce mot de passe. Nous vous demandons de ne pas communiquer ces mots de passe.<\/p>\n<p>ISFQ utilise \u00e9galement des filtres de courriel pour bloquer les pourriels et virus informatiques. Certains messages \u00e9lectroniques ou sites web l\u00e9gitimes pourraient \u00eatre bloqu\u00e9s par ces filtres.<\/p>\n<h3>DIVULGATION ET DUR\u00c9E DE CONSERVATION DE VOS RENSEIGNEMENTS PERSONNELS<\/h3>\n<p>Nous ne transmettons pas ni ne vendons vos renseignements personnels en ligne. Cependant, il est possible que vos renseignements soient divulgu\u00e9s \u00e0 des membres de notre organisation pour des motifs professionnels. Prenez note qu\u2019en nous fournissant des renseignements personnels, vous consentez au traitement et transfert de ceux-ci de la mani\u00e8re d\u00e9crite.<\/p>\n<p>Vos renseignements personnels sont conserv\u00e9s dans des dossiers appropri\u00e9s \u00e0 des fins l\u00e9gales et administratifs. ISFQ conserve les renseignements personnels seulement le temps requis afin d\u2019accomplir l\u2019objectif pour lequel ils ont \u00e9t\u00e9 collect\u00e9s. Ces dur\u00e9es sont pr\u00e9d\u00e9termin\u00e9es et peuvent vous \u00eatre communiqu\u00e9es par la personne responsable de la protection des donn\u00e9es chez ISFQ.<\/p>\n<h3>SITE WEB DE TIERCES PARTIES<\/h3>\n<p>Des liens vers des sites web de tierces parties peuvent \u00eatre fournis sur notre site. Veuillez prendre note que cet avis de confidentialit\u00e9 s\u2019applique uniquement au contenu du site de ISFQ, et non aux sites web vers lesquels nous pourrions fournir un lien.<\/p>\n<h3>DONS EN LIGNE \u2013 PAIEMENT S\u00c9CURIS\u00c9<\/h3>\n<p>ISFQ amasse des fonds \u00e0 travers son organisme de charit\u00e9 reconnu dont le num\u00e9ro d\u2019enregistrement est le suivant : 141672238RR0001.<\/p>\n<p>Nous utilisons la plateforme de dons CanaDon (CanadaHelps en anglais), un organisme de bienfaisance canadien enregistr\u00e9 aupr\u00e8s de l\u2019Agence du revenu du Canada, et CanaDon d\u00e9livre des re\u00e7us officiels aux fins de l\u2019imp\u00f4t sur le revenu. CanaDon fait tout ce qui est raisonnablement possible pour respecter les d\u00e9sirs et instructions de tous les donateurs en d\u00e9boursant les fonds \u00e0 l\u2019organisme ou aux organismes qu\u2019ils ont choisis. Vous pouvez lire leur politique de confidentialit\u00e9 ici : <a href=\"https:\/\/www.canadahelps.org\/fr\/confidentialite-et-securite\/\" target=\"_blank\" rel=\"noopener\">CanaDon &#8211; Politique de confidentialit\u00e9<\/a>.<\/p>\n<h3>COMMENT FAIRE UNE DEMANDE OU D\u00c9POSER UNE PLAINTE POUR SIGNALER UNE VIOLATION DE CONFORMIT\u00c9<\/h3>\n<p>Si les renseignements que vous nous avez envoy\u00e9s sont p\u00e9rim\u00e9s ou inexacts, ou que vous avez des questions au sujet du pr\u00e9sent avis de confidentialit\u00e9, veuillez communiquer par courriel \u00e0 la personne responsable de la protection des donn\u00e9es via les coordonn\u00e9es ci-dessous.<\/p>\n<p>Les plaintes et infractions en lien avec le traitement des renseignements personnels par ISFQ doivent \u00eatre rapport\u00e9es \u00e0 la personne responsable d\u00e8s que possible. On peut joindre la personne responsable de la protection des donn\u00e9es, M. Pierre-Luc Huot, directeur g\u00e9n\u00e9ral, \u00e0 l\u2019adresse suivante : <a href=\"mailto:isfq@isfq.ca\">isfq@isfq.ca<\/a><\/p>\n\n\t\t<\/div>\n\t<\/div>\n\n\t\t<\/div> \n\t<\/div>\n\t<\/div> \n<\/div><\/div>\n\t\t\t<\/div> \n\t\t<\/div>\n\t<\/div> \n<\/div><\/div>","protected":false},"excerpt":{"rendered":"CONFIDENTIALIT\u00c9 ET S\u00c9CURIT\u00c9 Ing\u00e9nieurs Sans Fronti\u00e8res Qu\u00e9bec (ISFQ) s\u2019engage \u00e0 pr\u00e9server la s\u00e9curit\u00e9 et la confidentialit\u00e9 de vos renseignements personnels. ISFQ s\u2019engage \u00e9galement \u00e0 respecter la Loi sur la protection...","protected":false},"author":1,"featured_media":0,"parent":0,"menu_order":0,"comment_status":"closed","ping_status":"closed","template":"","meta":{"footnotes":""},"class_list":["post-12174","page","type-page","status-publish","hentry"],"yoast_head":"<!-- This site is optimized with the Yoast SEO plugin v27.3 - https:\/\/yoast.com\/product\/yoast-seo-wordpress\/ -->\n<title>Politique de confidentialit\u00e9 - Ing\u00e9nieurs Sans Fronti\u00e8res Qu\u00e9bec<\/title>\n<meta name=\"description\" content=\"Decouvrez les diff\u00e9rentes publications d&#039;Ing\u00e9nieurs sans Fronti\u00e8res Qu\u00e9bec : Nos nouvelles, nos diff\u00e9rents rapports annuels et nos balados.\" \/>\n<meta name=\"robots\" content=\"index, follow, max-snippet:-1, max-image-preview:large, max-video-preview:-1\" \/>\n<link rel=\"canonical\" href=\"https:\/\/isfq.ca\/en\/confidentialitedonnees\/\" \/>\n<meta property=\"og:locale\" content=\"en_US\" \/>\n<meta property=\"og:type\" content=\"article\" \/>\n<meta property=\"og:title\" content=\"Politique de confidentialit\u00e9 - Ing\u00e9nieurs Sans Fronti\u00e8res Qu\u00e9bec\" \/>\n<meta property=\"og:description\" content=\"Decouvrez les diff\u00e9rentes publications d&#039;Ing\u00e9nieurs sans Fronti\u00e8res Qu\u00e9bec : Nos nouvelles, nos diff\u00e9rents rapports annuels et nos balados.\" \/>\n<meta property=\"og:url\" content=\"https:\/\/isfq.ca\/en\/confidentialitedonnees\/\" \/>\n<meta property=\"og:site_name\" content=\"Ing\u00e9nieurs Sans Fronti\u00e8res Qu\u00e9bec\" \/>\n<meta property=\"article:publisher\" content=\"https:\/\/www.facebook.com\/ingenieurssansfrontieresquebec\" \/>\n<meta property=\"article:modified_time\" content=\"2023-10-12T13:59:05+00:00\" \/>\n<meta name=\"twitter:card\" content=\"summary_large_image\" \/>\n<meta name=\"twitter:label1\" content=\"Est. reading time\" \/>\n\t<meta name=\"twitter:data1\" content=\"5 minutes\" \/>\n<script type=\"application\/ld+json\" class=\"yoast-schema-graph\">{\"@context\":\"https:\\\/\\\/schema.org\",\"@graph\":[{\"@type\":\"WebPage\",\"@id\":\"https:\\\/\\\/isfq.ca\\\/confidentialitedonnees\\\/\",\"url\":\"https:\\\/\\\/isfq.ca\\\/confidentialitedonnees\\\/\",\"name\":\"Politique de confidentialit\u00e9 - Ing\u00e9nieurs Sans Fronti\u00e8res Qu\u00e9bec\",\"isPartOf\":{\"@id\":\"https:\\\/\\\/isfq.ca\\\/#website\"},\"datePublished\":\"2023-02-16T02:03:22+00:00\",\"dateModified\":\"2023-10-12T13:59:05+00:00\",\"description\":\"Decouvrez les diff\u00e9rentes publications d'Ing\u00e9nieurs sans Fronti\u00e8res Qu\u00e9bec : Nos nouvelles, nos diff\u00e9rents rapports annuels et nos balados.\",\"breadcrumb\":{\"@id\":\"https:\\\/\\\/isfq.ca\\\/confidentialitedonnees\\\/#breadcrumb\"},\"inLanguage\":\"en-CA\",\"potentialAction\":[{\"@type\":\"ReadAction\",\"target\":[\"https:\\\/\\\/isfq.ca\\\/confidentialitedonnees\\\/\"]}]},{\"@type\":\"BreadcrumbList\",\"@id\":\"https:\\\/\\\/isfq.ca\\\/confidentialitedonnees\\\/#breadcrumb\",\"itemListElement\":[{\"@type\":\"ListItem\",\"position\":1,\"name\":\"Accueil\",\"item\":\"https:\\\/\\\/isfq.ca\\\/\"},{\"@type\":\"ListItem\",\"position\":2,\"name\":\"Politique de confidentialit\u00e9\"}]},{\"@type\":\"WebSite\",\"@id\":\"https:\\\/\\\/isfq.ca\\\/#website\",\"url\":\"https:\\\/\\\/isfq.ca\\\/\",\"name\":\"Ing\u00e9nieurs Sans Fronti\u00e8res Qu\u00e9bec\",\"description\":\"Le g\u00e9nie solidaire !\",\"publisher\":{\"@id\":\"https:\\\/\\\/isfq.ca\\\/#organization\"},\"potentialAction\":[{\"@type\":\"SearchAction\",\"target\":{\"@type\":\"EntryPoint\",\"urlTemplate\":\"https:\\\/\\\/isfq.ca\\\/?s={search_term_string}\"},\"query-input\":{\"@type\":\"PropertyValueSpecification\",\"valueRequired\":true,\"valueName\":\"search_term_string\"}}],\"inLanguage\":\"en-CA\"},{\"@type\":\"Organization\",\"@id\":\"https:\\\/\\\/isfq.ca\\\/#organization\",\"name\":\"ING\u00c9NIEURS SANS FRONTI\u00c8RES QU\u00c9BEC\",\"url\":\"https:\\\/\\\/isfq.ca\\\/\",\"logo\":{\"@type\":\"ImageObject\",\"inLanguage\":\"en-CA\",\"@id\":\"https:\\\/\\\/isfq.ca\\\/#\\\/schema\\\/logo\\\/image\\\/\",\"url\":\"https:\\\/\\\/isfq.ca\\\/wp-content\\\/uploads\\\/2022\\\/08\\\/logo-ingenieurs-sans-frontieres-quebec.png\",\"contentUrl\":\"https:\\\/\\\/isfq.ca\\\/wp-content\\\/uploads\\\/2022\\\/08\\\/logo-ingenieurs-sans-frontieres-quebec.png\",\"width\":2001,\"height\":926,\"caption\":\"ING\u00c9NIEURS SANS FRONTI\u00c8RES QU\u00c9BEC\"},\"image\":{\"@id\":\"https:\\\/\\\/isfq.ca\\\/#\\\/schema\\\/logo\\\/image\\\/\"},\"sameAs\":[\"https:\\\/\\\/www.facebook.com\\\/ingenieurssansfrontieresquebec\",\"https:\\\/\\\/www.youtube.com\\\/channel\\\/UCtrHiGJb-LcBZuevCaW8iEg?view_as=subscriber\",\"https:\\\/\\\/www.linkedin.com\\\/company\\\/ing-nieurs-sans-fronti-res-qu-bec-isfq-\\\/\"]}]}<\/script>\n<!-- \/ Yoast SEO plugin. -->","yoast_head_json":{"title":"Politique de confidentialit\u00e9 - Ing\u00e9nieurs Sans Fronti\u00e8res Qu\u00e9bec","description":"Decouvrez les diff\u00e9rentes publications d'Ing\u00e9nieurs sans Fronti\u00e8res Qu\u00e9bec : Nos nouvelles, nos diff\u00e9rents rapports annuels et nos balados.","robots":{"index":"index","follow":"follow","max-snippet":"max-snippet:-1","max-image-preview":"max-image-preview:large","max-video-preview":"max-video-preview:-1"},"canonical":"https:\/\/isfq.ca\/en\/confidentialitedonnees\/","og_locale":"en_US","og_type":"article","og_title":"Politique de confidentialit\u00e9 - Ing\u00e9nieurs Sans Fronti\u00e8res Qu\u00e9bec","og_description":"Decouvrez les diff\u00e9rentes publications d'Ing\u00e9nieurs sans Fronti\u00e8res Qu\u00e9bec : Nos nouvelles, nos diff\u00e9rents rapports annuels et nos balados.","og_url":"https:\/\/isfq.ca\/en\/confidentialitedonnees\/","og_site_name":"Ing\u00e9nieurs Sans Fronti\u00e8res Qu\u00e9bec","article_publisher":"https:\/\/www.facebook.com\/ingenieurssansfrontieresquebec","article_modified_time":"2023-10-12T13:59:05+00:00","twitter_card":"summary_large_image","twitter_misc":{"Est. reading time":"5 minutes"},"schema":{"@context":"https:\/\/schema.org","@graph":[{"@type":"WebPage","@id":"https:\/\/isfq.ca\/confidentialitedonnees\/","url":"https:\/\/isfq.ca\/confidentialitedonnees\/","name":"Politique de confidentialit\u00e9 - Ing\u00e9nieurs Sans Fronti\u00e8res Qu\u00e9bec","isPartOf":{"@id":"https:\/\/isfq.ca\/#website"},"datePublished":"2023-02-16T02:03:22+00:00","dateModified":"2023-10-12T13:59:05+00:00","description":"Decouvrez les diff\u00e9rentes publications d'Ing\u00e9nieurs sans Fronti\u00e8res Qu\u00e9bec : Nos nouvelles, nos diff\u00e9rents rapports annuels et nos balados.","breadcrumb":{"@id":"https:\/\/isfq.ca\/confidentialitedonnees\/#breadcrumb"},"inLanguage":"en-CA","potentialAction":[{"@type":"ReadAction","target":["https:\/\/isfq.ca\/confidentialitedonnees\/"]}]},{"@type":"BreadcrumbList","@id":"https:\/\/isfq.ca\/confidentialitedonnees\/#breadcrumb","itemListElement":[{"@type":"ListItem","position":1,"name":"Accueil","item":"https:\/\/isfq.ca\/"},{"@type":"ListItem","position":2,"name":"Politique de confidentialit\u00e9"}]},{"@type":"WebSite","@id":"https:\/\/isfq.ca\/#website","url":"https:\/\/isfq.ca\/","name":"Ing\u00e9nieurs Sans Fronti\u00e8res Qu\u00e9bec","description":"Le g\u00e9nie solidaire !","publisher":{"@id":"https:\/\/isfq.ca\/#organization"},"potentialAction":[{"@type":"SearchAction","target":{"@type":"EntryPoint","urlTemplate":"https:\/\/isfq.ca\/?s={search_term_string}"},"query-input":{"@type":"PropertyValueSpecification","valueRequired":true,"valueName":"search_term_string"}}],"inLanguage":"en-CA"},{"@type":"Organization","@id":"https:\/\/isfq.ca\/#organization","name":"ING\u00c9NIEURS SANS FRONTI\u00c8RES QU\u00c9BEC","url":"https:\/\/isfq.ca\/","logo":{"@type":"ImageObject","inLanguage":"en-CA","@id":"https:\/\/isfq.ca\/#\/schema\/logo\/image\/","url":"https:\/\/isfq.ca\/wp-content\/uploads\/2022\/08\/logo-ingenieurs-sans-frontieres-quebec.png","contentUrl":"https:\/\/isfq.ca\/wp-content\/uploads\/2022\/08\/logo-ingenieurs-sans-frontieres-quebec.png","width":2001,"height":926,"caption":"ING\u00c9NIEURS SANS FRONTI\u00c8RES QU\u00c9BEC"},"image":{"@id":"https:\/\/isfq.ca\/#\/schema\/logo\/image\/"},"sameAs":["https:\/\/www.facebook.com\/ingenieurssansfrontieresquebec","https:\/\/www.youtube.com\/channel\/UCtrHiGJb-LcBZuevCaW8iEg?view_as=subscriber","https:\/\/www.linkedin.com\/company\/ing-nieurs-sans-fronti-res-qu-bec-isfq-\/"]}]}},"_links":{"self":[{"href":"https:\/\/isfq.ca\/en\/wp-json\/wp\/v2\/pages\/12174","targetHints":{"allow":["GET"]}}],"collection":[{"href":"https:\/\/isfq.ca\/en\/wp-json\/wp\/v2\/pages"}],"about":[{"href":"https:\/\/isfq.ca\/en\/wp-json\/wp\/v2\/types\/page"}],"author":[{"embeddable":true,"href":"https:\/\/isfq.ca\/en\/wp-json\/wp\/v2\/users\/1"}],"replies":[{"embeddable":true,"href":"https:\/\/isfq.ca\/en\/wp-json\/wp\/v2\/comments?post=12174"}],"version-history":[{"count":8,"href":"https:\/\/isfq.ca\/en\/wp-json\/wp\/v2\/pages\/12174\/revisions"}],"predecessor-version":[{"id":12278,"href":"https:\/\/isfq.ca\/en\/wp-json\/wp\/v2\/pages\/12174\/revisions\/12278"}],"wp:attachment":[{"href":"https:\/\/isfq.ca\/en\/wp-json\/wp\/v2\/media?parent=12174"}],"curies":[{"name":"wp","href":"https:\/\/api.w.org\/{rel}","templated":true}]}}