{"id":11272,"date":"2022-01-17T14:36:34","date_gmt":"2022-01-17T19:36:34","guid":{"rendered":"https:\/\/isfq.ca\/?page_id=11272"},"modified":"2023-10-16T12:33:19","modified_gmt":"2023-10-16T16:33:19","slug":"portail-formations","status":"publish","type":"page","link":"https:\/\/isfq.ca\/en\/portail-formations\/","title":{"rendered":"Training portal"},"content":{"rendered":"<div id=\"fws_69dd5ccd4225a\"  data-midnight=\"dark\" data-bg-mobile-hidden=\"\" class=\"wpb_row vc_row-fluid vc_row full-width-section  vc_row-o-equal-height vc_row-flex standard_section  padding-40-t-b padding-on-tablets\"  style=\"padding-top: 100px; padding-bottom: 0px; \"><div class=\"row-bg-wrap\"> <div class=\"row-bg  using-bg-color\"  style=\"background-color: #efefef; \" data-color_overlay=\"\" data-color_overlay_2=\"\" data-gradient_direction=\"\" data-overlay_strength=\"0.3\" data-enable_gradient=\"false\"><\/div> <\/div><div class=\"col span_12 dark left\">\n\t<div  class=\"vc_col-sm-12 padding-20-l projects-section wpb_column column_container vc_column_container col no-extra-padding\"  data-bg-cover=\"\" data-padding-pos=\"all\" data-has-bg-color=\"false\" data-bg-color=\"\" data-bg-opacity=\"1\" data-hover-bg=\"\" data-hover-bg-opacity=\"1\" data-animation=\"\" data-delay=\"0\">\n\t\t<div class=\"vc_column-inner\">\n\t\t\t<div class=\"wpb_wrapper\">\n\t\t\t\t\n\t<div class=\"wpb_text_column wpb_content_element\" >\n\t\t<div class=\"wpb_wrapper\">\n\t\t\t<h2 class=\"uppertext blue-dark\">Portail des Formations &amp; Ateliers<\/h2>\n\n\t\t<\/div>\n\t<\/div>\n\n\t<div id=\"fws_69dd5ccd42529\" data-midnight=\"\" data-bg-mobile-hidden=\"\" class=\"wpb_row vc_row-fluid vc_row standard_section  padding-60-t-b\"  style=\"padding-top: 0px; padding-bottom: 0px; \"><div class=\"row-bg-wrap\"> <div class=\"row-bg\"  style=\"\"><\/div> <\/div><div class=\"col span_12  left\">\n\t<div  class=\"vc_col-sm-6 wpb_column column_container vc_column_container col no-extra-padding\"  data-bg-cover=\"\" data-padding-pos=\"all\" data-has-bg-color=\"false\" data-bg-color=\"\" data-bg-opacity=\"1\" data-hover-bg=\"\" data-hover-bg-opacity=\"1\" data-animation=\"\" data-delay=\"0\">\n\t\t<div class=\"vc_column-inner\">\n\t\t<div class=\"wpb_wrapper\">\n\t\t\t\n\t<div class=\"wpb_text_column wpb_content_element\" >\n\t\t<div class=\"wpb_wrapper\">\n\t\t\t<div class=\"box\">\n<div class=\"project-country-section\"><span class=\"project-country\">PROJET OXYG\u00c8NE<\/span><\/div>\n<div class=\"box-top\"><a href=\"https:\/\/isfq.ca\/en\/portail-formations-oxygene\/\"><img loading=\"lazy\" decoding=\"async\" class=\"alignnone wp-image-10676 size-full\" src=\"https:\/\/isfq.ca\/wp-content\/uploads\/2020\/11\/Oxyg\u00e8ne-3-mod-scaled.jpg\" alt=\"\" width=\"2560\" height=\"1920\" srcset=\"https:\/\/isfq.ca\/wp-content\/uploads\/2020\/11\/Oxyg\u00e8ne-3-mod-scaled.jpg 2560w, https:\/\/isfq.ca\/wp-content\/uploads\/2020\/11\/Oxyg\u00e8ne-3-mod-300x225.jpg 300w, https:\/\/isfq.ca\/wp-content\/uploads\/2020\/11\/Oxyg\u00e8ne-3-mod-1024x768.jpg 1024w, https:\/\/isfq.ca\/wp-content\/uploads\/2020\/11\/Oxyg\u00e8ne-3-mod-768x576.jpg 768w, https:\/\/isfq.ca\/wp-content\/uploads\/2020\/11\/Oxyg\u00e8ne-3-mod-1536x1152.jpg 1536w, https:\/\/isfq.ca\/wp-content\/uploads\/2020\/11\/Oxyg\u00e8ne-3-mod-2048x1536.jpg 2048w, https:\/\/isfq.ca\/wp-content\/uploads\/2020\/11\/Oxyg\u00e8ne-3-mod-550x413.jpg 550w\" sizes=\"auto, (max-width: 2560px) 100vw, 2560px\" \/><\/a><\/div>\n<div class=\"box-bottom\">\n<h4>Projet OXYG\u00c8NE : Meilleur acc\u00e8s \u00e0 l&rsquo;oxyg\u00e8ne pour les patients des h\u00f4pitaux du B\u00e9nin<\/h4>\n<div class=\"read-more-link\"><strong><a class=\"read-more\" href=\"https:\/\/isfq.ca\/en\/portail-formations-oxygene\/\">CONSULTER LES FORMATIONS<\/a><\/strong><\/div>\n<\/div>\n<\/div>\n\n\t\t<\/div>\n\t<\/div>\n\n\t<div class=\"wpb_text_column wpb_content_element\" >\n\t\t<div class=\"wpb_wrapper\">\n\t\t\t<div class=\"box\">\n<div class=\"project-country-section\"><span class=\"project-country\">PROJET OXYG\u00c8NE<\/span><\/div>\n<div class=\"box-top\"><\/div>\n<div class=\"box-bottom\">\n<h4>Si vous \u00eates un h\u00f4pital et que vous souhaitez avoir acc\u00e8s aux formations en ligne, merci de nous contacter \u00e0 l&rsquo;adresse suivante : <a href=\"mailto:isfq@isfq.ca\">isfq@isfq.ca<\/a><\/h4>\n<\/div>\n<\/div>\n\n\t\t<\/div>\n\t<\/div>\n\n\t\t<\/div> \n\t<\/div>\n\t<\/div> \n\n\t<div  class=\"vc_col-sm-6 wpb_column column_container vc_column_container col no-extra-padding\"  data-bg-cover=\"\" data-padding-pos=\"all\" data-has-bg-color=\"false\" data-bg-color=\"\" data-bg-opacity=\"1\" data-hover-bg=\"\" data-hover-bg-opacity=\"1\" data-animation=\"\" data-delay=\"0\">\n\t\t<div class=\"vc_column-inner\">\n\t\t<div class=\"wpb_wrapper\">\n\t\t\t\n\t<div class=\"wpb_text_column wpb_content_element\" >\n\t\t<div class=\"wpb_wrapper\">\n\t\t\t<div class=\"box\">\n<div class=\"project-country-section\"><span class=\"project-country\">PROJET SIVUMUARNIK<\/span><\/div>\n<div class=\"box-top\"><a href=\"https:\/\/isfq.ca\/en\/portail-formations-sivumuarnik\/\"><img loading=\"lazy\" decoding=\"async\" class=\"alignnone wp-image-10672 size-full\" src=\"https:\/\/isfq.ca\/wp-content\/uploads\/2020\/11\/Sivumuarnik-1-mod-scaled.jpg\" alt=\"\" width=\"2560\" height=\"1920\" srcset=\"https:\/\/isfq.ca\/wp-content\/uploads\/2020\/11\/Sivumuarnik-1-mod-scaled.jpg 2560w, https:\/\/isfq.ca\/wp-content\/uploads\/2020\/11\/Sivumuarnik-1-mod-300x225.jpg 300w, https:\/\/isfq.ca\/wp-content\/uploads\/2020\/11\/Sivumuarnik-1-mod-1024x768.jpg 1024w, https:\/\/isfq.ca\/wp-content\/uploads\/2020\/11\/Sivumuarnik-1-mod-768x576.jpg 768w, https:\/\/isfq.ca\/wp-content\/uploads\/2020\/11\/Sivumuarnik-1-mod-1536x1152.jpg 1536w, https:\/\/isfq.ca\/wp-content\/uploads\/2020\/11\/Sivumuarnik-1-mod-2048x1536.jpg 2048w, https:\/\/isfq.ca\/wp-content\/uploads\/2020\/11\/Sivumuarnik-1-mod-550x413.jpg 550w\" sizes=\"auto, (max-width: 2560px) 100vw, 2560px\" \/><\/a><\/div>\n<div class=\"box-bottom\">\n<h4>Projet SIVUMUARNIK : Sensibilisation des sciences et du g\u00e9nie au Nunavik<\/h4>\n<div class=\"read-more-link\"><strong><a class=\"read-more\" href=\"https:\/\/isfq.ca\/en\/portail-formations-sivumuarnik\/\">CONSULTER LES ATELIERS<\/a><\/strong><\/div>\n<\/div>\n<\/div>\n\n\t\t<\/div>\n\t<\/div>\n\n\t<div class=\"wpb_text_column wpb_content_element\" >\n\t\t<div class=\"wpb_wrapper\">\n\t\t\t<div class=\"box\">\n<div class=\"project-country-section\"><span class=\"project-country\">PROJET SIVUMUARNIK<\/span><\/div>\n<div class=\"box-top\"><\/div>\n<div class=\"box-bottom\">\n<h4>Si vous \u00eates une \u00e9cole primaire ou secondaire et que vous souhaitez avoir acc\u00e8s aux ateliers en ligne, merci de nous contacter \u00e0 l&rsquo;adresse suivante : <a href=\"mailto:isfq@isfq.ca\">isfq@isfq.ca<\/a><\/h4>\n<\/div>\n<\/div>\n\n\t\t<\/div>\n\t<\/div>\n\n\t\t<\/div> \n\t<\/div>\n\t<\/div> \n<\/div><\/div>\n\t<div id=\"fws_69dd5ccd42855\" data-midnight=\"\" data-bg-mobile-hidden=\"\" class=\"wpb_row vc_row-fluid vc_row standard_section\"  style=\"padding-top: 0px; padding-bottom: 0px; \"><div class=\"row-bg-wrap\"> <div class=\"row-bg\"  style=\"\"><\/div> <\/div><div class=\"col span_12  left\">\n\t<div  class=\"vc_col-sm-6 wpb_column column_container vc_column_container col no-extra-padding\"  data-bg-cover=\"\" data-padding-pos=\"all\" data-has-bg-color=\"false\" data-bg-color=\"\" data-bg-opacity=\"1\" data-hover-bg=\"\" data-hover-bg-opacity=\"1\" data-animation=\"\" data-delay=\"0\">\n\t\t<div class=\"vc_column-inner\">\n\t\t<div class=\"wpb_wrapper\">\n\t\t\t\n\t\t<\/div> \n\t<\/div>\n\t<\/div> \n\n\t<div  class=\"vc_col-sm-6 wpb_column column_container vc_column_container col no-extra-padding\"  data-bg-cover=\"\" data-padding-pos=\"all\" data-has-bg-color=\"false\" data-bg-color=\"\" data-bg-opacity=\"1\" data-hover-bg=\"\" data-hover-bg-opacity=\"1\" data-animation=\"\" data-delay=\"0\">\n\t\t<div class=\"vc_column-inner\">\n\t\t<div class=\"wpb_wrapper\">\n\t\t\t\n\t\t<\/div> \n\t<\/div>\n\t<\/div> \n<\/div><\/div>\n\t\t\t<\/div> \n\t\t<\/div>\n\t<\/div> \n<\/div><\/div>","protected":false},"excerpt":{"rendered":"Portail des Formations &amp; Ateliers PROJET OXYG\u00c8NE Projet OXYG\u00c8NE : Meilleur acc\u00e8s \u00e0 l'oxyg\u00e8ne pour les patients des h\u00f4pitaux du B\u00e9nin CONSULTER LES FORMATIONS PROJET OXYG\u00c8NE Si vous \u00eates un...","protected":false},"author":1,"featured_media":0,"parent":0,"menu_order":0,"comment_status":"closed","ping_status":"closed","template":"","meta":{"footnotes":""},"class_list":["post-11272","page","type-page","status-publish","hentry"],"yoast_head":"<!-- This site is optimized with the Yoast SEO plugin v27.3 - https:\/\/yoast.com\/product\/yoast-seo-wordpress\/ -->\n<title>Portail Formations - Ing\u00e9nieurs Sans Fronti\u00e8res Qu\u00e9bec<\/title>\n<meta name=\"description\" content=\"D\u00e9couvrez les diff\u00e9rentes formations offertes par Ing\u00e9nieurs Sans Fronti\u00e8res Qu\u00e9bec \u00e0 ces membres.\" \/>\n<meta name=\"robots\" content=\"index, follow, max-snippet:-1, max-image-preview:large, max-video-preview:-1\" \/>\n<link rel=\"canonical\" href=\"https:\/\/isfq.ca\/en\/portail-formations\/\" \/>\n<meta property=\"og:locale\" content=\"en_US\" \/>\n<meta property=\"og:type\" content=\"article\" \/>\n<meta property=\"og:title\" content=\"Portail Formations - Ing\u00e9nieurs Sans Fronti\u00e8res Qu\u00e9bec\" \/>\n<meta property=\"og:description\" content=\"D\u00e9couvrez les diff\u00e9rentes formations offertes par Ing\u00e9nieurs Sans Fronti\u00e8res Qu\u00e9bec \u00e0 ces membres.\" \/>\n<meta property=\"og:url\" content=\"https:\/\/isfq.ca\/en\/portail-formations\/\" \/>\n<meta property=\"og:site_name\" content=\"Ing\u00e9nieurs Sans Fronti\u00e8res Qu\u00e9bec\" \/>\n<meta property=\"article:publisher\" content=\"https:\/\/www.facebook.com\/ingenieurssansfrontieresquebec\" \/>\n<meta property=\"article:modified_time\" content=\"2023-10-16T16:33:19+00:00\" \/>\n<meta property=\"og:image\" content=\"https:\/\/isfq.ca\/wp-content\/uploads\/2020\/11\/Sivumuarnik-1-mod-scaled.jpg\" \/>\n<meta name=\"twitter:card\" content=\"summary_large_image\" \/>\n<meta name=\"twitter:label1\" content=\"Est. reading time\" \/>\n\t<meta name=\"twitter:data1\" content=\"2 minutes\" \/>\n<script type=\"application\/ld+json\" class=\"yoast-schema-graph\">{\"@context\":\"https:\\\/\\\/schema.org\",\"@graph\":[{\"@type\":\"WebPage\",\"@id\":\"https:\\\/\\\/isfq.ca\\\/portail-formations\\\/\",\"url\":\"https:\\\/\\\/isfq.ca\\\/portail-formations\\\/\",\"name\":\"Portail Formations - Ing\u00e9nieurs Sans Fronti\u00e8res Qu\u00e9bec\",\"isPartOf\":{\"@id\":\"https:\\\/\\\/isfq.ca\\\/#website\"},\"primaryImageOfPage\":{\"@id\":\"https:\\\/\\\/isfq.ca\\\/portail-formations\\\/#primaryimage\"},\"image\":{\"@id\":\"https:\\\/\\\/isfq.ca\\\/portail-formations\\\/#primaryimage\"},\"thumbnailUrl\":\"https:\\\/\\\/isfq.ca\\\/wp-content\\\/uploads\\\/2020\\\/11\\\/Sivumuarnik-1-mod-scaled.jpg\",\"datePublished\":\"2022-01-17T19:36:34+00:00\",\"dateModified\":\"2023-10-16T16:33:19+00:00\",\"description\":\"D\u00e9couvrez les diff\u00e9rentes formations offertes par Ing\u00e9nieurs Sans Fronti\u00e8res Qu\u00e9bec \u00e0 ces membres.\",\"breadcrumb\":{\"@id\":\"https:\\\/\\\/isfq.ca\\\/portail-formations\\\/#breadcrumb\"},\"inLanguage\":\"en-CA\",\"potentialAction\":[{\"@type\":\"ReadAction\",\"target\":[\"https:\\\/\\\/isfq.ca\\\/portail-formations\\\/\"]}]},{\"@type\":\"ImageObject\",\"inLanguage\":\"en-CA\",\"@id\":\"https:\\\/\\\/isfq.ca\\\/portail-formations\\\/#primaryimage\",\"url\":\"https:\\\/\\\/isfq.ca\\\/wp-content\\\/uploads\\\/2020\\\/11\\\/Sivumuarnik-1-mod-scaled.jpg\",\"contentUrl\":\"https:\\\/\\\/isfq.ca\\\/wp-content\\\/uploads\\\/2020\\\/11\\\/Sivumuarnik-1-mod-scaled.jpg\"},{\"@type\":\"BreadcrumbList\",\"@id\":\"https:\\\/\\\/isfq.ca\\\/portail-formations\\\/#breadcrumb\",\"itemListElement\":[{\"@type\":\"ListItem\",\"position\":1,\"name\":\"Accueil\",\"item\":\"https:\\\/\\\/isfq.ca\\\/\"},{\"@type\":\"ListItem\",\"position\":2,\"name\":\"Portail Formations\"}]},{\"@type\":\"WebSite\",\"@id\":\"https:\\\/\\\/isfq.ca\\\/#website\",\"url\":\"https:\\\/\\\/isfq.ca\\\/\",\"name\":\"Ing\u00e9nieurs Sans Fronti\u00e8res Qu\u00e9bec\",\"description\":\"Le g\u00e9nie solidaire !\",\"publisher\":{\"@id\":\"https:\\\/\\\/isfq.ca\\\/#organization\"},\"potentialAction\":[{\"@type\":\"SearchAction\",\"target\":{\"@type\":\"EntryPoint\",\"urlTemplate\":\"https:\\\/\\\/isfq.ca\\\/?s={search_term_string}\"},\"query-input\":{\"@type\":\"PropertyValueSpecification\",\"valueRequired\":true,\"valueName\":\"search_term_string\"}}],\"inLanguage\":\"en-CA\"},{\"@type\":\"Organization\",\"@id\":\"https:\\\/\\\/isfq.ca\\\/#organization\",\"name\":\"ING\u00c9NIEURS SANS FRONTI\u00c8RES QU\u00c9BEC\",\"url\":\"https:\\\/\\\/isfq.ca\\\/\",\"logo\":{\"@type\":\"ImageObject\",\"inLanguage\":\"en-CA\",\"@id\":\"https:\\\/\\\/isfq.ca\\\/#\\\/schema\\\/logo\\\/image\\\/\",\"url\":\"https:\\\/\\\/isfq.ca\\\/wp-content\\\/uploads\\\/2022\\\/08\\\/logo-ingenieurs-sans-frontieres-quebec.png\",\"contentUrl\":\"https:\\\/\\\/isfq.ca\\\/wp-content\\\/uploads\\\/2022\\\/08\\\/logo-ingenieurs-sans-frontieres-quebec.png\",\"width\":2001,\"height\":926,\"caption\":\"ING\u00c9NIEURS SANS FRONTI\u00c8RES QU\u00c9BEC\"},\"image\":{\"@id\":\"https:\\\/\\\/isfq.ca\\\/#\\\/schema\\\/logo\\\/image\\\/\"},\"sameAs\":[\"https:\\\/\\\/www.facebook.com\\\/ingenieurssansfrontieresquebec\",\"https:\\\/\\\/www.youtube.com\\\/channel\\\/UCtrHiGJb-LcBZuevCaW8iEg?view_as=subscriber\",\"https:\\\/\\\/www.linkedin.com\\\/company\\\/ing-nieurs-sans-fronti-res-qu-bec-isfq-\\\/\"]}]}<\/script>\n<!-- \/ Yoast SEO plugin. -->","yoast_head_json":{"title":"Portail Formations - Ing\u00e9nieurs Sans Fronti\u00e8res Qu\u00e9bec","description":"D\u00e9couvrez les diff\u00e9rentes formations offertes par Ing\u00e9nieurs Sans Fronti\u00e8res Qu\u00e9bec \u00e0 ces membres.","robots":{"index":"index","follow":"follow","max-snippet":"max-snippet:-1","max-image-preview":"max-image-preview:large","max-video-preview":"max-video-preview:-1"},"canonical":"https:\/\/isfq.ca\/en\/portail-formations\/","og_locale":"en_US","og_type":"article","og_title":"Portail Formations - Ing\u00e9nieurs Sans Fronti\u00e8res Qu\u00e9bec","og_description":"D\u00e9couvrez les diff\u00e9rentes formations offertes par Ing\u00e9nieurs Sans Fronti\u00e8res Qu\u00e9bec \u00e0 ces membres.","og_url":"https:\/\/isfq.ca\/en\/portail-formations\/","og_site_name":"Ing\u00e9nieurs Sans Fronti\u00e8res Qu\u00e9bec","article_publisher":"https:\/\/www.facebook.com\/ingenieurssansfrontieresquebec","article_modified_time":"2023-10-16T16:33:19+00:00","og_image":[{"url":"https:\/\/isfq.ca\/wp-content\/uploads\/2020\/11\/Sivumuarnik-1-mod-scaled.jpg","type":"","width":"","height":""}],"twitter_card":"summary_large_image","twitter_misc":{"Est. reading time":"2 minutes"},"schema":{"@context":"https:\/\/schema.org","@graph":[{"@type":"WebPage","@id":"https:\/\/isfq.ca\/portail-formations\/","url":"https:\/\/isfq.ca\/portail-formations\/","name":"Portail Formations - Ing\u00e9nieurs Sans Fronti\u00e8res Qu\u00e9bec","isPartOf":{"@id":"https:\/\/isfq.ca\/#website"},"primaryImageOfPage":{"@id":"https:\/\/isfq.ca\/portail-formations\/#primaryimage"},"image":{"@id":"https:\/\/isfq.ca\/portail-formations\/#primaryimage"},"thumbnailUrl":"https:\/\/isfq.ca\/wp-content\/uploads\/2020\/11\/Sivumuarnik-1-mod-scaled.jpg","datePublished":"2022-01-17T19:36:34+00:00","dateModified":"2023-10-16T16:33:19+00:00","description":"D\u00e9couvrez les diff\u00e9rentes formations offertes par Ing\u00e9nieurs Sans Fronti\u00e8res Qu\u00e9bec \u00e0 ces membres.","breadcrumb":{"@id":"https:\/\/isfq.ca\/portail-formations\/#breadcrumb"},"inLanguage":"en-CA","potentialAction":[{"@type":"ReadAction","target":["https:\/\/isfq.ca\/portail-formations\/"]}]},{"@type":"ImageObject","inLanguage":"en-CA","@id":"https:\/\/isfq.ca\/portail-formations\/#primaryimage","url":"https:\/\/isfq.ca\/wp-content\/uploads\/2020\/11\/Sivumuarnik-1-mod-scaled.jpg","contentUrl":"https:\/\/isfq.ca\/wp-content\/uploads\/2020\/11\/Sivumuarnik-1-mod-scaled.jpg"},{"@type":"BreadcrumbList","@id":"https:\/\/isfq.ca\/portail-formations\/#breadcrumb","itemListElement":[{"@type":"ListItem","position":1,"name":"Accueil","item":"https:\/\/isfq.ca\/"},{"@type":"ListItem","position":2,"name":"Portail Formations"}]},{"@type":"WebSite","@id":"https:\/\/isfq.ca\/#website","url":"https:\/\/isfq.ca\/","name":"Ing\u00e9nieurs Sans Fronti\u00e8res Qu\u00e9bec","description":"Le g\u00e9nie solidaire !","publisher":{"@id":"https:\/\/isfq.ca\/#organization"},"potentialAction":[{"@type":"SearchAction","target":{"@type":"EntryPoint","urlTemplate":"https:\/\/isfq.ca\/?s={search_term_string}"},"query-input":{"@type":"PropertyValueSpecification","valueRequired":true,"valueName":"search_term_string"}}],"inLanguage":"en-CA"},{"@type":"Organization","@id":"https:\/\/isfq.ca\/#organization","name":"ING\u00c9NIEURS SANS FRONTI\u00c8RES QU\u00c9BEC","url":"https:\/\/isfq.ca\/","logo":{"@type":"ImageObject","inLanguage":"en-CA","@id":"https:\/\/isfq.ca\/#\/schema\/logo\/image\/","url":"https:\/\/isfq.ca\/wp-content\/uploads\/2022\/08\/logo-ingenieurs-sans-frontieres-quebec.png","contentUrl":"https:\/\/isfq.ca\/wp-content\/uploads\/2022\/08\/logo-ingenieurs-sans-frontieres-quebec.png","width":2001,"height":926,"caption":"ING\u00c9NIEURS SANS FRONTI\u00c8RES QU\u00c9BEC"},"image":{"@id":"https:\/\/isfq.ca\/#\/schema\/logo\/image\/"},"sameAs":["https:\/\/www.facebook.com\/ingenieurssansfrontieresquebec","https:\/\/www.youtube.com\/channel\/UCtrHiGJb-LcBZuevCaW8iEg?view_as=subscriber","https:\/\/www.linkedin.com\/company\/ing-nieurs-sans-fronti-res-qu-bec-isfq-\/"]}]}},"_links":{"self":[{"href":"https:\/\/isfq.ca\/en\/wp-json\/wp\/v2\/pages\/11272","targetHints":{"allow":["GET"]}}],"collection":[{"href":"https:\/\/isfq.ca\/en\/wp-json\/wp\/v2\/pages"}],"about":[{"href":"https:\/\/isfq.ca\/en\/wp-json\/wp\/v2\/types\/page"}],"author":[{"embeddable":true,"href":"https:\/\/isfq.ca\/en\/wp-json\/wp\/v2\/users\/1"}],"replies":[{"embeddable":true,"href":"https:\/\/isfq.ca\/en\/wp-json\/wp\/v2\/comments?post=11272"}],"version-history":[{"count":29,"href":"https:\/\/isfq.ca\/en\/wp-json\/wp\/v2\/pages\/11272\/revisions"}],"predecessor-version":[{"id":12342,"href":"https:\/\/isfq.ca\/en\/wp-json\/wp\/v2\/pages\/11272\/revisions\/12342"}],"wp:attachment":[{"href":"https:\/\/isfq.ca\/en\/wp-json\/wp\/v2\/media?parent=11272"}],"curies":[{"name":"wp","href":"https:\/\/api.w.org\/{rel}","templated":true}]}}